{"id":917,"date":"2017-06-06T15:52:40","date_gmt":"2017-06-06T15:52:40","guid":{"rendered":"http:\/\/www.clinicadentalmontornes.com\/?page_id=917\/"},"modified":"2020-09-29T15:12:42","modified_gmt":"2020-09-29T15:12:42","slug":"clinica-dental-moia","status":"publish","type":"page","link":"https:\/\/www.clinicadentalmontornes.com\/es\/","title":{"rendered":"Cl\u00ednica dental Montorn\u00e8s"},"content":{"rendered":"<p><section id=\"bt_section6a00753636df3\"  class=\"boldSection btDarkSkin inherit wBackground cover\" style=\"background-image:url('https:\/\/www.clinicadentalmontornes.com\/wp-content\/uploads\/2018\/11\/sliderhome.jpg');\"><div class=\"port\"><div class=\"boldCell\"><div class=\"boldCellInner\"><div class=\"boldRow  \" ><div class=\"boldRowInner\"><div class=\"rowItem col-md-12 col-ms-12  btTextLeft\"  ><div class=\"rowItemContent\" ><div class=\"slided autoSliderHeight btSliderHidePaging\"  data-slick='{ \"lazyLoad\": \"progressive\", \"cssEase\": \"ease-out\", \"speed\": \"600\", \"dots\": true}' data-simple_arrows=\"no\"><div class=\"slidedItem firstItem\"  data-thumb=\"\"><div class=\"btSliderPort wBackground cover\" style=\"background-image: url('')\"><div class=\"btSliderCell\" data-slick=\"yes\"><div class=\"btSlideGutter\"><div class=\"btSlidePane\"><div class=\"boldRow boldInnerRow  \" ><div class=\"rowItem rowInnerItem col-md-7  btTextLeft\"  ><div class=\"rowItemContent\"><div class=\"btClear btSeparator topExtraSpaced bottomSpaced noBorder\" ><hr><\/div><header class=\"header btClear extralarge  btNormalDash\" ><div class=\"dash\"><h1><span class=\"headline\"><em>TU CL\u00cdNICA<\/em> DE CONFIANZA<\/span><\/h1><\/div><div class=\"btSubTitle\">Un equipo de dentistas y profesionales de la salud bucal dispuesto a poner la mejor formaci\u00f3n y los mejores aparatos, al servicio de tu bienestar.<\/div><\/header><div class=\"btClear btSeparator topExtraSmallSpaced noBorder\" ><hr><\/div><a href=\"http:\/\/www.clinicadentalmontornes.com\/es\/tratamientos\/\" class=\"btBtn btBtn btnFilledStyle btnAccentColor btnMedium btnNormalWidth btnRightPosition btnNoIcon\" ><span class=\"btnInnerText\">TRATAMIENTOS<\/span><\/a><a href=\"http:\/\/www.clinicadentalmontornes.com\/es\/contacto\/\" class=\"btBtn btBtn btnFilledStyle btnAlternateColor btnMedium btnNormalWidth btnRightPosition btnNoIcon\" ><span class=\"btnInnerText\">CONTACTAR<\/span><\/a><div class=\"btClear btSeparator topSpaced noBorder\" ><hr><\/div><div class=\"btClear btSeparator topSemiSpaced noBorder\" ><hr><\/div><\/div><\/div><div class=\"rowItem rowInnerItem col-md-5  btTextLeft inherit btNoPadding\"  ><div class=\"rowItemContent\"><\/div><\/div><\/div><\/div><\/div><\/div><\/div><\/div><\/div><\/div><\/div><\/div><\/div><\/div><\/div><\/div><\/section><section id=\"bt_section6a00753637df5\" data-parallax=\"0.3\" data-parallax-offset=\"0\" class=\"boldSection gutter inherit btParallax wBackground cover\" style=\"background-image:url('https:\/\/www.clinicadentalmontornes.com\/wp-content\/uploads\/2017\/04\/fonsblanc.jpg');margin-top: -20px;\"><div class=\"port\"><div class=\"boldCell\"><div class=\"boldCellInner\"><div class=\"boldRow btDarkSkin \" style=\"background-color: transparent;\"><div class=\"boldRowInner\"><div class=\"rowItem col-md-3 col-sm-6 col-ms-12 btTextLeft btTopVertical btDoublePadding\" style=\"background-color: rgba(0, 179, 204, 1);\" ><div class=\"rowItemContent\" ><div class=\"btIconImageRow btIconsHalfHoverPosition\" ><span class=\"btIco btIcoFilledType btIcoBigSize btIcoAlterColor btIcoFromLeft  \" ><span  data-ico-cs=\"&#xe9ba;\" class=\"btIcoHolder\"><em><\/em><\/span><\/span><\/div><div class=\"btClear btSeparator topSmallSpaced noBorder\" ><hr><\/div><header class=\"header btClear large  btNormalDash\" ><div class=\"btSubTitle\">Odontolog\u00eda general<\/div><\/header><div class=\"btText\" ><\/p>\n<p>El Odontolog\u00eda General es la que se encarga de conseguir y mantener un estado de salud dental \u00f3ptimo.<\/p>\n<p>\n<\/div><div class=\"btClear btSeparator topSmallSpaced noBorder\" ><hr><\/div><a href=\"http:\/\/www.clinicadentalmontornes.com\/es\/tratamientos\/\" class=\"btBtn btBtn btnFilledStyle btnLightColor btnSmall btnNormalWidth btnRightPosition btnNoIcon\" ><span class=\"btnInnerText\">LEER M\u00c1S<\/span><\/a><div class=\"btClear btSeparator topSemiSpaced noBorder\" ><hr><\/div><\/div><\/div><div class=\"rowItem col-md-3 col-sm-6 col-ms-12 btTextLeft inherit btDoublePadding\" style=\"background-color: rgba(0, 161, 190, 1);\" ><div class=\"rowItemContent\" ><div class=\"btIconImageRow btIconsHalfHoverPosition\" ><span class=\"btIco btIcoFilledType btIcoBigSize btIcoAlterColor   \" ><a href=\"#\"  target = \"no_target\" data-ico-cs=\"&#xe9b8;\" class=\"btIcoHolder\"><em><\/em><\/a><\/span><\/div><div class=\"btClear btSeparator topSmallSpaced noBorder\" ><hr><\/div><header class=\"header btClear large  btNormalDash\" ><div class=\"btSubTitle\">Implantes y Cirugia<\/div><\/header><div class=\"btText\" ><\/p>\n<p>Tratamientos de implantologia, planificaci\u00f3n, colocaci\u00f3n y mantenimiento de los implantes dentales.<\/p>\n<p>\n<\/div><div class=\"btClear btSeparator topSmallSpaced noBorder\" ><hr><\/div><a href=\"http:\/\/www.clinicadentalmontornes.com\/es\/tratamientos\/\" class=\"btBtn btBtn btnFilledStyle btnLightColor btnSmall btnNormalWidth btnRightPosition btnNoIcon\" ><span class=\"btnInnerText\">LEER M\u00c1S<\/span><\/a><div class=\"btClear btSeparator topSemiSpaced noBorder\" ><hr><\/div><\/div><\/div><div class=\"rowItem col-md-3 col-sm-6 col-ms-12 btTextLeft inherit btDoublePadding\" style=\"background-color: rgba(0, 135, 170, 1);\" ><div class=\"rowItemContent\" ><div class=\"btIconImageRow btIconsHalfHoverPosition\" ><span class=\"btIco btIcoFilledType btIcoBigSize btIcoAlterColor   \" ><a href=\"#\"  target = \"no_target\" data-ico-cs=\"&#xe9bb;\" class=\"btIcoHolder\"><em><\/em><\/a><\/span><\/div><div class=\"btClear btSeparator topSmallSpaced noBorder\" ><hr><\/div><header class=\"header btClear large  btNormalDash\" ><div class=\"btSubTitle\">Ortodoncia<\/div><\/header><div class=\"btText\" ><\/p>\n<p>Estudio, prevenci\u00f3n y diagn\u00f3stico de las anomal\u00edas de forma y posici\u00f3n, de las estructuras dentomaxilofaciales.<\/p>\n<p>\n<\/div><div class=\"btClear btSeparator topSmallSpaced noBorder\" ><hr><\/div><a href=\"http:\/\/www.clinicadentalmontornes.com\/es\/tratamientos\/\" class=\"btBtn btBtn btnFilledStyle btnLightColor btnSmall btnNormalWidth btnRightPosition btnNoIcon\" ><span class=\"btnInnerText\">LEER M\u00c1S<\/span><\/a><div class=\"btClear btSeparator topSemiSpaced noBorder\" ><hr><\/div><\/div><\/div><div class=\"rowItem col-md-3 col-sm-6 col-ms-12 btTextLeft inherit btDoublePadding\" style=\"background-color: rgba(0, 109, 149, 1);\" ><div class=\"rowItemContent\" ><div class=\"btIconImageRow btIconsHalfHoverPosition\" ><span class=\"btIco btIcoFilledType btIcoBigSize btIcoAlterColor   \" ><a href=\"#\"  target = \"no_target\" data-ico-cs=\"&#xe9bc;\" class=\"btIcoHolder\"><em><\/em><\/a><\/span><\/div><div class=\"btClear btSeparator topSmallSpaced noBorder\" ><hr><\/div><header class=\"header btClear large  btNormalDash\" ><div class=\"btSubTitle\">Blanqueamiento dental<\/div><\/header><div class=\"btText\" ><\/p>\n<p>Blanqueamientos externos, disponemos de diferentes tratamientos para recuperar la tonalidad perdida a los dientes.<\/p>\n<p>\n<\/div><div class=\"btClear btSeparator topSmallSpaced noBorder\" ><hr><\/div><a href=\"http:\/\/www.clinicadentalmontornes.com\/es\/tratamientos\/\" class=\"btBtn btBtn btnFilledStyle btnLightColor btnSmall btnNormalWidth btnRightPosition btnNoIcon\" ><span class=\"btnInnerText\">LEER M\u00c1S<\/span><\/a><div class=\"btClear btSeparator topSemiSpaced noBorder\" ><hr><\/div><\/div><\/div><\/div><\/div><div class=\"boldRow  \" ><div class=\"boldRowInner\"><div class=\"rowItem col-md-12 col-ms-12  btTextLeft\"  ><div class=\"rowItemContent\" ><div class=\"btClear btSeparator topSpaced noBorder\" ><hr><\/div><\/div><\/div><\/div><\/div><div class=\"boldRow  \" ><div class=\"boldRowInner\"><div class=\"rowItem col-md-7 col-ms-12  btTextLeft animate animate-fadein animate-moveright inherit\"  ><div class=\"rowItemContent\" ><div class=\"btClear btSeparator bottomSmallSpaced noBorder\" ><hr><\/div><header class=\"header btClear extralarge btDash topDash  btAccentDash\" ><div class=\"btSuperTitle\">Clinica dental Onze de Setembre<\/div><div class=\"dash\"><h1><span class=\"headline\"><b class=\"animate\">TU CL\u00cdNICA DENTAL<\/b><\/span><\/h1><\/div><\/header><div class=\"btClear btSeparator bottomSmallSpaced noBorder\" ><hr><\/div><header class=\"header btClear extralarge  btNormalDash\" ><div class=\"btSubTitle\">En la Cl\u00ednica Dental Onze de Setembre, estamos especializados en:<br \/><br>\u00b7 Formaci\u00f3n para una correcta higiene dental.<br \/><br>\u00b7 Tratamientos dentales correctores, conservadores y reparadores.<br \/><br>\u00b7 Est\u00e9tica dental.<\/div><\/header><div class=\"btClear btSeparator bottomSemiSpaced noBorder\" ><hr><\/div><\/div><\/div><div class=\"rowItem col-md-5 col-ms-12  btTextLeft animate animate-fadein animate-moveleft btBottomVertical\"  ><div class=\"rowItemContent\" ><div class=\"bpgPhoto btTextCenter\" ><div class=\"btImage\"><img decoding=\"async\" src=\"https:\/\/www.clinicadentalmontornes.com\/wp-content\/uploads\/2015\/11\/doktorka.png\" alt=\"\" title=\"\"><\/div><\/div><\/div><\/div><\/div><\/div><\/div><\/div><\/div><\/section><section id=\"bt_section6a00753639abf\"  class=\"boldSection topSemiSpaced bottomSemiSpaced btDarkSkin gutter inherit btAleternateColorBackground\" ><div class=\"port\"><div class=\"boldCell\"><div class=\"boldCellInner\"><div class=\"boldRow  \" ><div class=\"boldRowInner\"><div class=\"rowItem col-md-9 col-ms-12  btTextLeft animate animate-fadein animate-moveright btMiddleVertical\"  ><div class=\"rowItemContent\" ><header class=\"header btClear medium  btAccentDash\" ><div class=\"btSuperTitle\">Necesitas pedir hora?<\/div><div class=\"dash\"><h3><span class=\"headline\">CONTACTA CON NOSOTROS<\/span><\/h3><\/div><\/header><\/div><\/div><div class=\"rowItem col-md-3 col-sm-6 col-ms-12 btTextRight animate animate-fadein animate-moveleft btMiddleVertical\"  ><div class=\"rowItemContent\" ><div class=\"btClear btSeparator topExtraSmallSpaced noBorder\" ><hr><\/div><a href=\"http:\/\/www.clinicadentalmontornes.com\/es\/contacto\/\" class=\"btBtn btBtn btnFilledStyle btnLightColor btnSmall btnNormalWidth btnRightPosition btnNoIcon\" ><span class=\"btnInnerText\">CONTACTAR<\/span><\/a><\/div><\/div><\/div><\/div><\/div><\/div><\/div><\/section><section id=\"services\"  class=\"boldSection topSpaced bottomSemiSpaced gutter inherit wBackground cover\" style=\"background-image:url('https:\/\/www.clinicadentalmontornes.com\/wp-content\/uploads\/2017\/06\/fondobalnqueamiento.jpg');\"><div class=\"port\"><div class=\"boldCell\"><div class=\"boldCellInner\"><div class=\"boldRow  \" ><div class=\"boldRowInner\"><div class=\"rowItem col-md-2  col-sm-4 col-ms-12 btTextLeft\"  ><div class=\"rowItemContent\" ><\/div><\/div><div class=\"rowItem col-md-8 col-ms-12 btTextCenter animate animate-fadein animate-moveleft inherit\"  ><div class=\"rowItemContent\" ><header class=\"header btClear extralarge btDash topDash  btAccentDash\" ><div class=\"btSuperTitle\">Recupera el color blanco de tus dientes<\/div><div class=\"dash\"><h1><span class=\"headline\"><em>BLANQUEAMIENTO<\/em> <b class=\"animate\">DENTAL<\/b><\/span><\/h1><\/div><div class=\"btSubTitle\">El blanqueamiento dental es un tratamiento simple, pero con un gran resultado est\u00e9tico. Consiste en recuperar el color blanco natural de los dientes, mejorando el aspecto de la boca, y la sonrisa del paciente.<br \/><br><\/div><\/header><div class=\"btClear btSeparator bottomSemiSpaced noBorder\" ><hr><\/div><\/div><\/div><div class=\"rowItem col-md-2  col-sm-4 col-ms-12 btTextLeft\"  ><div class=\"rowItemContent\" ><\/div><\/div><\/div><\/div><div class=\"boldRow  \" ><div class=\"boldRowInner\"><div class=\"rowItem col-md-4 col-ms-12 btTextLeft\"  ><div class=\"rowItemContent\" ><\/div><\/div><div class=\"rowItem col-md-4 col-ms-12 btTextLeft\"  ><div class=\"rowItemContent\" ><\/div><\/div><div class=\"rowItem col-md-4 col-ms-12 btTextLeft\"  ><div class=\"rowItemContent\" ><\/div><\/div><\/div><\/div><div class=\"boldRow  \" ><div class=\"boldRowInner\"><div class=\"rowItem col-md-12 col-ms-12  btTextCenter animate animate-fadein btTextIndent inherit\"  ><div class=\"rowItemContent\" ><div class=\"btClear btSeparator topSemiSpaced noBorder\" ><hr><\/div><\/div><\/div><\/div><\/div><\/div><\/div><\/div><\/section><section id=\"contact\"  class=\"boldSection btDarkSkin inherit\" ><div class=\"port\"><div class=\"boldCell\"><div class=\"boldCellInner\"><div class=\"boldRow  \" ><div class=\"boldRowInner\"><div class=\"rowItem col-md-12 col-ms-12  btTextLeft\"  ><div class=\"rowItemContent\" >\r\n\t\t\t<div class=\"btGoogleMapsWrapper \" \"><div id=\"map_canvas6a0075363adf6\" style=\"height:500px;;\" class=\"btGmap\"><\/div><div class=\"btGoogleMapsContent\"><div class=\"btGoogleMapsWrap\"><span class=\"btInfoPaneToggler\"><\/span><div class=\"btClear btSeparator bottomSemiSpaced noBorder\" ><hr><\/div><header class=\"header btClear medium  btNormalDash\" ><div class=\"dash\"><h3><span class=\"headline\">HORARIO<\/span><\/h3><\/div><\/header><div class=\"btClear btSeparator topExtraSmallSpaced noBorder\" ><hr><\/div><div class=\"btWorkingHours  btWorkingHoursHasLink \" ><div class=\"btWorkingHoursInner\"><div class=\"btWorkingHoursInnerRow\"><div class=\"btWorkingHoursInnerTitle\">Lun &#8211; Vie<\/div><div class=\"btWorkingHoursInnerContent\">09:30 &#8211; 20:00<\/div><div class=\"btWorkingHoursInnerLink\"><a href=\"#\" title=\"<br \/>\u00ab><br \/><\/a><\/div><\/div><div class=\"btWorkingHoursInnerRow\"><div class=\"btWorkingHoursInnerTitle\">Sab<\/div><div class=\"btWorkingHoursInnerContent\">cerrado<\/div><div class=\"btWorkingHoursInnerLink\"><a href=\"#\" title=\"<br \/>\u00ab><br \/><\/a><\/div><\/div><div class=\"btWorkingHoursInnerRow\"><div class=\"btWorkingHoursInnerTitle\">Dom<\/div><div class=\"btWorkingHoursInnerContent\"> cerrado<\/div><\/div><\/div><\/div><div class=\"btClear btSeparator topSemiSpaced noBorder\" ><hr><\/div><header class=\"header btClear medium  btNormalDash\" ><div class=\"dash\"><h3><span class=\"headline\">CONTACTO<\/span><\/h3><\/div><\/header><div class=\"btClear btSeparator topExtraSmallSpaced noBorder\" ><hr><\/div><div class=\"btIconImageRow\" ><span class=\"btIco btIcoDefaultType btIcoExtraSmallSize btIcoDefaultColor   \" ><a href=\"https:\/\/www.clinicadentalmontornes.com\/es\/contacto\/\"  target = \"no_target\" data-ico-s7=\"&#xe638;\" class=\"btIcoHolder\"><em><\/em><span class=\"btIcoText\">Av. de l\u2019Onze de Setembre 43, Montorn\u00e8s del Vall\u00e8s<\/span><\/a><\/span><\/div><div class=\"btClear btSeparator topExtraSmallSpaced bottomExtraSmallSpaced noBorder\" ><hr><\/div><div class=\"btIconImageRow\" ><span class=\"btIco btIcoDefaultType btIcoExtraSmallSize btIcoDefaultColor   \" ><a href=\"mailto:dentalmoia@gmail.com\"  target = \"no_target\" data-ico-s7=\"&#xe639;\" class=\"btIcoHolder\"><em><\/em><span class=\"btIcoText\">clinicadentalmontornes@gmail.com<\/span><\/a><\/span><\/div><div class=\"btClear btSeparator topExtraSmallSpaced bottomExtraSmallSpaced noBorder\" ><hr><\/div><div class=\"btIconImageRow\" ><span class=\"btIco btIcoDefaultType btIcoExtraSmallSize btIcoDefaultColor   \" ><a href=\"tel:+34%20938%2030%2006%2098\"  target = \"no_target\" data-ico-s7=\"&#xe670;\" class=\"btIcoHolder\"><em><\/em><span class=\"btIcoText\">+34 935 72 00 23<\/span><\/a><\/span><\/div><div class=\"btClear btSeparator bottomSemiSpaced noBorder\" ><hr><\/div><\/div><\/div><\/div>\r\n\t\t\t<script type=\"text\/javascript\">\r\n\t\t\t\tjQuery( document ).ready(function() {\r\n\t\t\t\t\tbt_gmap_init( map_canvas6a0075363adf6, 41.543946, 2.265470, 14, \"https:\/\/www.clinicadentalmontornes.com\/wp-content\/uploads\/2015\/11\/map-pin.png\", \"\", \"\", \"\", \"WwogICAgewogICAgICAgICJmZWF0dXJlVHlwZSI6ICJhZG1pbmlzdHJhdGl2ZS5jb3VudHJ5IiwKICAgICAgICAiZWxlbWVudFR5cGUiOiAiZ2VvbWV0cnkiLAogICAgICAgICJzdHlsZXJzIjogWwogICAgICAgICAgICB7CiAgICAgICAgICAgICAgICAidmlzaWJpbGl0eSI6ICJzaW1wbGlmaWVkIgogICAgICAgICAgICB9LAogICAgICAgICAgICB7CiAgICAgICAgICAgICAgICAiaHVlIjogIiNmZjAwMDAiCiAgICAgICAgICAgIH0KICAgICAgICBdCiAgICB9Cl0=\" );\r\n\t\t\t\t\t});\t\r\n\t\t\t<\/script>\r\n\t\t\t<\/div><\/div><\/div><\/div><\/div><\/div><\/div><\/section><\/p>\n","protected":false},"excerpt":{"rendered":"","protected":false},"author":1,"featured_media":0,"parent":0,"menu_order":0,"comment_status":"closed","ping_status":"closed","template":"","meta":{"footnotes":""},"class_list":["post-917","page","type-page","status-publish","hentry"],"_links":{"self":[{"href":"https:\/\/www.clinicadentalmontornes.com\/es\/wp-json\/wp\/v2\/pages\/917\/"}],"collection":[{"href":"https:\/\/www.clinicadentalmontornes.com\/es\/wp-json\/wp\/v2\/pages\/"}],"about":[{"href":"https:\/\/www.clinicadentalmontornes.com\/es\/wp-json\/wp\/v2\/types\/page\/"}],"author":[{"embeddable":true,"href":"https:\/\/www.clinicadentalmontornes.com\/es\/wp-json\/wp\/v2\/users\/1\/"}],"replies":[{"embeddable":true,"href":"https:\/\/www.clinicadentalmontornes.com\/es\/wp-json\/wp\/v2\/comments\/?post=917"}],"version-history":[{"count":15,"href":"https:\/\/www.clinicadentalmontornes.com\/es\/wp-json\/wp\/v2\/pages\/917\/revisions\/"}],"predecessor-version":[{"id":1313,"href":"https:\/\/www.clinicadentalmontornes.com\/es\/wp-json\/wp\/v2\/pages\/917\/revisions\/1313\/"}],"wp:attachment":[{"href":"https:\/\/www.clinicadentalmontornes.com\/es\/wp-json\/wp\/v2\/media\/?parent=917"}],"curies":[{"name":"wp","href":"https:\/\/api.w.org\/{rel}","templated":true}]}}