{"id":913,"date":"2017-06-06T15:42:53","date_gmt":"2017-06-06T15:42:53","guid":{"rendered":"http:\/\/www.clinicadentalmontornes.com\/?page_id=913\/"},"modified":"2018-11-13T10:29:03","modified_gmt":"2018-11-13T10:29:03","slug":"tratamientos","status":"publish","type":"page","link":"https:\/\/www.clinicadentalmontornes.com\/es\/tratamientos\/","title":{"rendered":"Tratamientos"},"content":{"rendered":"<p><section id=\"bt_section6a00843648666\"  class=\"boldSection topSemiSpaced btDarkSkin gutter inherit wBackground cover btAccentColorBackground\" style=\"background-image:url('https:\/\/www.clinicadentalmontornes.com\/wp-content\/uploads\/2017\/04\/background.jpg');\"><div class=\"port\"><div class=\"boldCell\"><div class=\"boldCellInner\"><div class=\"boldRow  \" ><div class=\"boldRowInner\"><div class=\"rowItem col-md-9 col-ms-12  btTextLeft animate animate-fadein animate-moveleft inherit\"  ><div class=\"rowItemContent\" ><div class=\"btClear btSeparator topExtraSpaced bottomSmallSpaced noBorder\" ><hr><\/div><header class=\"header btClear extralarge btDash topDash  btNormalDash\" ><div class=\"btSuperTitle\">Qu\u00e8 podem oferir?<\/div><div class=\"dash\"><h1><span class=\"headline\">TRATAMIENTOS<\/span><\/h1><\/div><div class=\"btSubTitle\">En la Cl\u00ednica Dental Onze de Setembre ofrecemos todas las especialidades dentales.<\/div><\/header><div class=\"btClear btSeparator topSpaced noBorder\" ><hr><\/div><\/div><\/div><div class=\"rowItem col-md-3 col-sm-6 col-ms-12 btTextLeft\"  ><div class=\"rowItemContent\" ><\/div><\/div><\/div><\/div><\/div><\/div><\/div><\/section><section id=\"bt_section6a00843648ae7\"  class=\"boldSection gutter inherit\" style=\"margin-top: -6px;\"><div class=\"port\"><div class=\"boldCell\"><div class=\"boldCellInner\"><div class=\"boldRow  \" ><div class=\"boldRowInner\"><div class=\"rowItem col-md-3 col-sm-6 col-ms-12 btTextLeft inherit\" style=\"background-color: rgba(0, 179, 204, 1);\" ><div class=\"rowItemContent\" ><div class=\"btClear btSeparator topExtraSmallSpaced noBorder\" ><hr><\/div><\/div><\/div><div class=\"rowItem col-md-3 col-sm-6 col-ms-12 btTextLeft inherit\" style=\"background-color: rgba(0, 161, 190, 1);\" ><div class=\"rowItemContent\" ><div class=\"btClear btSeparator topExtraSmallSpaced noBorder\" ><hr><\/div><\/div><\/div><div class=\"rowItem col-md-3 col-sm-6 col-ms-12 btTextLeft inherit\" style=\"background-color: rgba(0, 135, 170, 1);\" ><div class=\"rowItemContent\" ><div class=\"btClear btSeparator topExtraSmallSpaced noBorder\" ><hr><\/div><\/div><\/div><div class=\"rowItem col-md-3 col-sm-6 col-ms-12 btTextLeft inherit\" style=\"background-color: rgba(0, 109, 149, 1);\" ><div class=\"rowItemContent\" ><div class=\"btClear btSeparator topExtraSmallSpaced noBorder\" ><hr><\/div><\/div><\/div><\/div><\/div><\/div><\/div><\/div><\/section><section id=\"services\" data-parallax=\"0\" data-parallax-offset=\"0\" class=\"boldSection topSpaced bottomSemiSpaced gutter inherit btParallax\" ><div class=\"port\"><div class=\"boldCell\"><div class=\"boldCellInner\"><div class=\"boldRow  \" ><div class=\"boldRowInner\"><div class=\"rowItem col-md-3 col-sm-6 col-ms-12 btTextLeft animate animate-fadein btTextIndent inherit\"  ><div class=\"rowItemContent\" ><div class=\"bpgPhoto btTextCenter\" ><div class=\"btImage\"><img decoding=\"async\" src=\"https:\/\/www.clinicadentalmontornes.com\/wp-content\/uploads\/2017\/04\/teeth-320x206.jpg\" alt=\"\" title=\"\"><\/div><\/div><div class=\"btIconImageRow btIconsHalfHoverPosition\" ><span class=\"btIco btIcoFilledType btIcoBigSize btIcoAccentColor   \" ><a href=\"#\"  target = \"no_target\" data-ico-cs=\"&#xe9a2;\" class=\"btIcoHolder\"><em><\/em><\/a><\/span><\/div><div class=\"btClear btSeparator topExtraSmallSpaced noBorder\" ><hr><\/div><header class=\"header btClear medium  btNormalDash\" ><div class=\"dash\"><h3><span class=\"headline\">ODONTOLOG\u00cdA GENERAL<\/span><\/h3><\/div><\/header><div class=\"btClear btSeparator topExtraSmallSpaced noBorder\" ><hr><\/div><div class=\"btText\" ><\/p>\n<p>En Cl\u00ednica Dental Pujol Ofrecemos todas las especialidades dentales.La Odontolog\u00eda General es la que se encarga de conseguir y mantener un estado de salud dental \u00f3ptimo, sin problemas de caries, dolor dental o inflamaci\u00f3n y dolor de enc\u00edas.<\/p>\n<p>\n<\/div><div class=\"btClear btSeparator topSmallSpaced noBorder\" ><hr><\/div><\/div><\/div><div class=\"rowItem col-md-3 col-sm-6 col-ms-12 btTextLeft animate animate-fadein btTextIndent inherit\"  ><div class=\"rowItemContent\" ><div class=\"bpgPhoto btTextCenter\" ><div class=\"btImage\"><img decoding=\"async\" src=\"https:\/\/www.clinicadentalmontornes.com\/wp-content\/uploads\/2017\/05\/implants-320x200.jpg\" alt=\"\" title=\"\"><\/div><\/div><div class=\"btIconImageRow btIconsHalfHoverPosition\" ><span class=\"btIco btIcoFilledType btIcoBigSize btIcoAccentColor   \" ><a href=\"#\"  target = \"no_target\" data-ico-cs=\"&#xe9bc;\" class=\"btIcoHolder\"><em><\/em><\/a><\/span><\/div><div class=\"btClear btSeparator topExtraSmallSpaced noBorder\" ><hr><\/div><header class=\"header btClear medium  btNormalDash\" ><div class=\"dash\"><h3><span class=\"headline\">IMPLANTES Y<br \/><br>CIRUG\u00cdA<\/span><\/h3><\/div><\/header><div class=\"btClear btSeparator topExtraSmallSpaced noBorder\" ><hr><\/div><div class=\"btText\" ><\/p>\n<p>En la Cl\u00ednica dental, se realizan tratamientos de implantolog\u00eda, que es la especialidad de la odontolog\u00eda dedicada a la planificaci\u00f3n, colocaci\u00f3n y mantenimiento de los implantes dentales.Como implantes, entendemos las fijaciones de titanio puro que se colocan en el maxilar o en la mand\u00edbula, para sustituir las ra\u00edces o los dientes da\u00f1ados o ausentes.<\/p>\n<p>\n<\/div><div class=\"btClear btSeparator topSmallSpaced noBorder\" ><hr><\/div><\/div><\/div><div class=\"rowItem col-md-3 col-sm-6 col-ms-12 btTextLeft animate animate-fadein btTextIndent inherit\"  ><div class=\"rowItemContent\" ><div class=\"bpgPhoto btTextCenter\" ><div class=\"btImage\"><img decoding=\"async\" src=\"https:\/\/www.clinicadentalmontornes.com\/wp-content\/uploads\/2017\/04\/Periodoncia-320x200.jpg\" alt=\"\" title=\"\"><\/div><\/div><div class=\"btIconImageRow btIconsHalfHoverPosition\" ><span class=\"btIco btIcoFilledType btIcoBigSize btIcoAccentColor   \" ><a href=\"#\"  target = \"no_target\" data-ico-cs=\"&#xe9b8;\" class=\"btIcoHolder\"><em><\/em><\/a><\/span><\/div><div class=\"btClear btSeparator topExtraSmallSpaced noBorder\" ><hr><\/div><header class=\"header btClear medium  btNormalDash\" ><div class=\"dash\"><h3><span class=\"headline\">PERIDONCIA<\/span><\/h3><\/div><\/header><div class=\"btClear btSeparator topExtraSmallSpaced noBorder\" ><hr><\/div><div class=\"btText\" ><\/p>\n<p>La periodoncia es la especialidad de la odontolog\u00eda que estudia la prevenci\u00f3n, diagn\u00f3stico y tratamiento de las enfermedades y condiciones que afectan a los tejidos que sostienen los dientes (enc\u00eda-hueso) y a los implantes, para el mantenimiento de la salud, funci\u00f3n y est\u00e9tica.Las principales enfermedades periodontales que afectan a una dentici\u00f3n son la gingivitis y la periodontitis (\u00abpiorrea\u00bb). En el caso de los implantes, hablaremos de periimplantitis. De no tratar estas enfermedades a tiempo, puede producirse la p\u00e9rdida dental.<\/p>\n<p>\n<\/div><div class=\"btClear btSeparator topSmallSpaced noBorder\" ><hr><\/div><\/div><\/div><div class=\"rowItem col-md-3 col-sm-6 col-ms-12 btTextLeft animate animate-fadein btTextIndent inherit\"  ><div class=\"rowItemContent\" ><div class=\"bpgPhoto btTextCenter\" ><div class=\"btImage\"><img decoding=\"async\" src=\"https:\/\/www.clinicadentalmontornes.com\/wp-content\/uploads\/2017\/04\/ortodoncia-320x200.jpg\" alt=\"\" title=\"\"><\/div><\/div><div class=\"btIconImageRow btIconsHalfHoverPosition\" ><span class=\"btIco btIcoFilledType btIcoBigSize btIcoAccentColor   \" ><a href=\"#\"  target = \"no_target\" data-ico-cs=\"&#xe9be;\" class=\"btIcoHolder\"><em><\/em><\/a><\/span><\/div><div class=\"btClear btSeparator topExtraSmallSpaced noBorder\" ><hr><\/div><header class=\"header btClear medium  btNormalDash\" ><div class=\"dash\"><h3><span class=\"headline\">ORTODONCIA<\/span><\/h3><\/div><\/header><div class=\"btClear btSeparator topExtraSmallSpaced noBorder\" ><hr><\/div><div class=\"btText\" ><\/p>\n<p>Especialidad de la odontolog\u00eda que se encarga del estudio, prevenci\u00f3n, diagn\u00f3stico y tratamiento de las anomal\u00edas de forma, posici\u00f3n, relaci\u00f3n y funci\u00f3n de las estructuras dentomaxilofaciales (dientes,\u00a0maxilar, mand\u00edbula&#8230;); siendo su ejercicio el arte de prevenir, diagnosticar y corregir las posibles alteraciones, y mantenerlas en un estado \u00f3ptimo de salud y armon\u00eda, mediante el uso y el control de diferentes tipos de fuerzas.<\/p>\n<p>\n<\/div><div class=\"btClear btSeparator topSmallSpaced noBorder\" ><hr><\/div><\/div><\/div><\/div><\/div><div class=\"boldRow  \" ><div class=\"boldRowInner\"><div class=\"rowItem col-md-12 col-ms-12  btTextCenter animate animate-fadein btTextIndent inherit\"  ><div class=\"rowItemContent\" ><div class=\"btClear btSeparator topSemiSpaced noBorder\" ><hr><\/div><\/div><\/div><\/div><\/div><div class=\"boldRow  \" ><div class=\"boldRowInner\"><div class=\"rowItem col-md-3 col-sm-6 col-ms-12 btTextLeft animate animate-fadein btTextIndent inherit\"  ><div class=\"rowItemContent\" ><div class=\"bpgPhoto btTextCenter\" ><div class=\"btImage\"><img decoding=\"async\" src=\"https:\/\/www.clinicadentalmontornes.com\/wp-content\/uploads\/2017\/04\/odontopediatria-320x200.jpg\" alt=\"\" title=\"\"><\/div><\/div><div class=\"btIconImageRow btIconsHalfHoverPosition\" ><span class=\"btIco btIcoFilledType btIcoBigSize btIcoAccentColor   \" ><a href=\"#\"  target = \"no_target\" data-ico-cs=\"&#xe9ba;\" class=\"btIcoHolder\"><em><\/em><\/a><\/span><\/div><div class=\"btClear btSeparator topExtraSmallSpaced noBorder\" ><hr><\/div><header class=\"header btClear medium  btNormalDash\" ><div class=\"dash\"><h3><span class=\"headline\">ODONTOPEDIATR\u00cdA<\/span><\/h3><\/div><\/header><div class=\"btClear btSeparator topExtraSmallSpaced noBorder\" ><hr><\/div><div class=\"btText\" ><\/p>\n<p>La odontopediatr\u00eda es una de las especialidades m\u00e1s importantes de la cl\u00ednica, puesto que se ocupa de los problemas dentales de los m\u00e1s peque\u00f1os, incidiendo siempre al fomentar una buena higiene oral, que ser\u00e1 la base de un buen estado de salud dental.<\/p>\n<p>\n<\/div><div class=\"btClear btSeparator topSmallSpaced noBorder\" ><hr><\/div><\/div><\/div><div class=\"rowItem col-md-3 col-sm-6 col-ms-12 btTextLeft animate animate-fadein btTextIndent inherit\"  ><div class=\"rowItemContent\" ><div class=\"bpgPhoto btTextCenter\" ><div class=\"btImage\"><img decoding=\"async\" src=\"https:\/\/www.clinicadentalmontornes.com\/wp-content\/uploads\/2017\/05\/protesis-320x200.jpg\" alt=\"\" title=\"\"><\/div><\/div><div class=\"btIconImageRow btIconsHalfHoverPosition\" ><span class=\"btIco btIcoFilledType btIcoBigSize btIcoAccentColor   \" ><a href=\"#\"  target = \"no_target\" data-ico-cs=\"&#xe9da;\" class=\"btIcoHolder\"><em><\/em><\/a><\/span><\/div><div class=\"btClear btSeparator topExtraSmallSpaced noBorder\" ><hr><\/div><header class=\"header btClear medium  btNormalDash\" ><div class=\"dash\"><h3><span class=\"headline\">PR\u00d3TESIS<\/span><\/h3><\/div><\/header><div class=\"btClear btSeparator topExtraSmallSpaced noBorder\" ><hr><\/div><div class=\"btText\" ><\/p>\n<p>Una pr\u00f3tesis dental, es un elemento artificial destinado a restaurar la anatom\u00eda de uno o de varios dientes, restaurando tambi\u00e9n la relaci\u00f3n entre los maxilares. Pueden ser fijas, removibles o mixtas.<\/p>\n<p>\n<\/div><div class=\"btClear btSeparator topSmallSpaced noBorder\" ><hr><\/div><\/div><\/div><div class=\"rowItem col-md-3 col-sm-6 col-ms-12 btTextLeft animate animate-fadein btTextIndent inherit\"  ><div class=\"rowItemContent\" ><div class=\"bpgPhoto btTextCenter\" ><div class=\"btImage\"><img decoding=\"async\" src=\"https:\/\/www.clinicadentalmontornes.com\/wp-content\/uploads\/2017\/05\/endodoncia-320x200.jpg\" alt=\"\" title=\"\"><\/div><\/div><div class=\"btIconImageRow btIconsHalfHoverPosition\" ><span class=\"btIco btIcoFilledType btIcoBigSize btIcoAccentColor   \" ><a href=\"#\"  target = \"no_target\" data-ico-cs=\"&#xe9bb;\" class=\"btIcoHolder\"><em><\/em><\/a><\/span><\/div><div class=\"btClear btSeparator topExtraSmallSpaced noBorder\" ><hr><\/div><header class=\"header btClear medium  btNormalDash\" ><div class=\"dash\"><h3><span class=\"headline\">ENDODONCIAS<\/span><\/h3><\/div><\/header><div class=\"btClear btSeparator topExtraSmallSpaced noBorder\" ><hr><\/div><div class=\"btText\" ><\/p>\n<p>El tratamiento de los conductos radiculares de los dientes, se conoce como endodoncia. Se aplica a dientes fracturados, con caries profundas o dientes con su tejido nervioso lesionado, siempre que el estado de la pieza dental sea \u00f3ptimo.Generalmente, se realiza este procedimiento cuando nos encontramos ante una lesi\u00f3n irreversible del nervio dental. Tras este tratamiento, el diente ya no es vital, por lo que se convierte en una estructura m\u00e1s fr\u00e1gil. En estos casos se recomienda protegerla con una corona o funda.<\/p>\n<p>\n<\/div><div class=\"btClear btSeparator topSmallSpaced noBorder\" ><hr><\/div><\/div><\/div><div class=\"rowItem col-md-3 col-sm-6 col-ms-12 btTextLeft animate animate-fadein btTextIndent inherit\"  ><div class=\"rowItemContent\" ><div class=\"bpgPhoto btTextCenter\" ><div class=\"btImage\"><img decoding=\"async\" src=\"https:\/\/www.clinicadentalmontornes.com\/wp-content\/uploads\/2017\/05\/esteticadental-320x200.jpg\" alt=\"\" title=\"\"><\/div><\/div><div class=\"btIconImageRow btIconsHalfHoverPosition\" ><span class=\"btIco btIcoFilledType btIcoBigSize btIcoAccentColor   \" ><a href=\"#\"  target = \"no_target\" data-ico-cs=\"&#xe92a;\" class=\"btIcoHolder\"><em><\/em><\/a><\/span><\/div><div class=\"btClear btSeparator topExtraSmallSpaced noBorder\" ><hr><\/div><header class=\"header btClear medium  btNormalDash\" ><div class=\"dash\"><h3><span class=\"headline\">EST\u00c9TICA DENTAL<\/span><\/h3><\/div><\/header><div class=\"btClear btSeparator topExtraSmallSpaced noBorder\" ><hr><\/div><div class=\"btText\" ><\/p>\n<p>Entre los principales problemas dentales se encuentran las anomal\u00edas en la forma, distribuci\u00f3n y tinci\u00f3n de los dientes, las enc\u00edas y la sonrisa. Que aun cuando en muchos casos no afectan a la funcionalidad de la boca, est\u00e9ticamente pueden estropear el aspecto de la persona.Uno de los tratamientos est\u00e9ticos con m\u00e1s demanda es el blanqueamiento dental.En la Cl\u00ednica dental, se realizan todo tipo de tratamientos est\u00e9ticos correctivos, logrando que el aspecto de los dientes se adecue a los est\u00e1ndares socialmente aceptados.<\/p>\n<p>\n<\/div><div class=\"btClear btSeparator topSmallSpaced noBorder\" ><hr><\/div><\/div><\/div><\/div><\/div><div class=\"boldRow  \" ><div class=\"boldRowInner\"><div class=\"rowItem col-md-12 col-ms-12  btTextCenter animate animate-fadein btTextIndent inherit\"  ><div class=\"rowItemContent\" ><div class=\"btClear btSeparator topSemiSpaced noBorder\" ><hr><\/div><\/div><\/div><\/div><\/div><div class=\"boldRow  \" ><div class=\"boldRowInner\"><div class=\"rowItem col-md-3 col-sm-6 col-ms-12 btTextLeft animate animate-fadein btTextIndent inherit\"  ><div class=\"rowItemContent\" ><div class=\"bpgPhoto btTextCenter\" ><div class=\"btImage\"><img decoding=\"async\" src=\"https:\/\/www.clinicadentalmontornes.com\/wp-content\/uploads\/2017\/05\/blanqueamientodental-320x200.jpg\" alt=\"\" title=\"\"><\/div><\/div><div class=\"btIconImageRow btIconsHalfHoverPosition\" ><span class=\"btIco btIcoFilledType btIcoBigSize btIcoAccentColor   \" ><a href=\"#\"  target = \"no_target\" data-ico-cs=\"&#xe9a2;\" class=\"btIcoHolder\"><em><\/em><\/a><\/span><\/div><div class=\"btClear btSeparator topExtraSmallSpaced noBorder\" ><hr><\/div><header class=\"header btClear medium  btNormalDash\" ><div class=\"dash\"><h3><span class=\"headline\">BLANQUEAMIENTO DENTAL<\/span><\/h3><\/div><\/header><div class=\"btClear btSeparator topExtraSmallSpaced noBorder\" ><hr><\/div><div class=\"btText\" ><\/p>\n<p>La dieta y los h\u00e1bitos personales de cada cual pueden provocar una coloraci\u00f3n a los dientes. Entonces, las colas, vinos negros o el tabaco, suelen acabar oscureciendo los dientes.Hoy en d\u00eda disponemos de diferentes tratamientos por recuperar la tonalidad perdida de los dientes. Hablamos pues de los blanqueamientos externos. Con el <strong>blanqueamiento <\/strong>externo lo que haremos es ir aclarando el diente, pasando por las diferentes tonalidades del blanco hasta obtener el tono adecuado.<\/p>\n<p>\n<\/div><div class=\"btClear btSeparator topSmallSpaced noBorder\" ><hr><\/div><\/div><\/div><div class=\"rowItem col-md-3 col-sm-6 col-ms-12 btTextLeft animate animate-fadein btTextIndent inherit\"  ><div class=\"rowItemContent\" ><div class=\"bpgPhoto btTextCenter\" ><div class=\"btImage\"><img decoding=\"async\" src=\"https:\/\/www.clinicadentalmontornes.com\/wp-content\/uploads\/2018\/11\/odontologiaconservadora-320x200.jpg\" alt=\"\" title=\"\"><\/div><\/div><div class=\"btIconImageRow btIconsHalfHoverPosition\" ><span class=\"btIco btIcoFilledType btIcoBigSize btIcoAccentColor   \" ><a href=\"#\"  target = \"no_target\" data-ico-cs=\"&#xe9da;\" class=\"btIcoHolder\"><em><\/em><\/a><\/span><\/div><div class=\"btClear btSeparator topExtraSmallSpaced noBorder\" ><hr><\/div><header class=\"header btClear medium  btNormalDash\" ><div class=\"dash\"><h3><span class=\"headline\">ODONTOLOG\u00cdA CONSERVADORA<\/span><\/h3><\/div><\/header><div class=\"btClear btSeparator topExtraSmallSpaced noBorder\" ><hr><\/div><div class=\"btText\" ><\/p>\n<p>Los tratamientos de odontolog\u00eda conservadora tienen como su nombre indica el fin de conservar la boca en el mejor estado posible.<\/p>\n<p>El principal motivo para aplicar tratamientos de odontolog\u00eda conservadora son las caries. En funci\u00f3n del estado de la infecci\u00f3n, la intervenci\u00f3n puede limitarse a limpiar y obturar el diente afectado, o bien, si la caries ha penetrado el esmalte y ha llegado a la dentina o la pulpa dental, adem\u00e1s de reparar y obturar el diente afectado, habr\u00e1 que eliminar el tejido nervioso (endodoncia).<\/p>\n<p>Tambi\u00e9n es importante que si hay alg\u00fan problema en la disposici\u00f3n de los dientes (torcidas, api\u00f1adas, separadas &#8230;), se haga el tratamiento de ortodoncia m\u00e1s adecuado a la problem\u00e1tica de cada caso, lo antes posible.<\/p>\n<p>\n<\/div><div class=\"btClear btSeparator topSmallSpaced noBorder\" ><hr><\/div><\/div><\/div><div class=\"rowItem col-md-3 col-sm-6 col-ms-12 btTextLeft animate animate-fadein btTextIndent inherit\"  ><div class=\"rowItemContent\" ><div class=\"bpgPhoto btTextCenter\" ><div class=\"btImage\"><img decoding=\"async\" src=\"https:\/\/www.clinicadentalmontornes.com\/wp-content\/uploads\/2018\/11\/nenrespall-320x213.png\" alt=\"\" title=\"\"><\/div><\/div><div class=\"btIconImageRow btIconsHalfHoverPosition\" ><span class=\"btIco btIcoFilledType btIcoBigSize btIcoAccentColor   \" ><a href=\"#\"  target = \"no_target\" data-ico-cs=\"&#xe9da;\" class=\"btIcoHolder\"><em><\/em><\/a><\/span><\/div><div class=\"btClear btSeparator topExtraSmallSpaced noBorder\" ><hr><\/div><header class=\"header btClear medium  btNormalDash\" ><div class=\"dash\"><h3><span class=\"headline\">FORMACI\u00d3N EN HIGIENE DENTAL<\/span><\/h3><\/div><\/header><div class=\"btClear btSeparator topExtraSmallSpaced noBorder\" ><hr><\/div><div class=\"btText\" ><\/p>\n<p>Tanto por formaci\u00f3n infantil como para ayudar a conservar dientes y pr\u00f3tesis a personas adultas, en la Cl\u00ednica Dental Once de Septiembre paralelamente a los tratamientos bucodentales ya sean reparadores o conservadores, ofrecemos formaci\u00f3n y asesoramiento para llevar a cabo la higiene bucal adecuada a sus caracter\u00edsticas y situaci\u00f3n de cada paciente.<\/p>\n<p>Dando esta formaci\u00f3n y asesoramiento, lo que queremos es mejorar la calidad de vida de los usuarios de la cl\u00ednica, que al tener en cuenta premisas simples de aplicar a su vida cotidiana, les ayudar\u00e1 tener la boca en buen estado.<\/p>\n<p>\n<\/div><div class=\"btClear btSeparator topSmallSpaced noBorder\" ><hr><\/div><\/div><\/div><div class=\"rowItem col-md-3 col-sm-6 col-ms-12 btTextLeft\"  ><div class=\"rowItemContent\" ><\/div><\/div><\/div><\/div><div class=\"boldRow  \" ><div class=\"boldRowInner\"><div class=\"rowItem col-md-12 col-ms-12  btTextCenter animate animate-fadein btTextIndent inherit\"  ><div class=\"rowItemContent\" ><div class=\"btClear btSeparator topSemiSpaced noBorder\" ><hr><\/div><\/div><\/div><\/div><\/div><\/div><\/div><\/div><\/section><section id=\"bt_section6a0084364ecb4\"  class=\"boldSection topSemiSpaced bottomSemiSpaced btDarkSkin gutter inherit btAleternateColorBackground\" ><div class=\"port\"><div class=\"boldCell\"><div class=\"boldCellInner\"><div class=\"boldRow  \" ><div class=\"boldRowInner\"><div class=\"rowItem col-md-9 col-ms-12  btTextLeft animate animate-fadein animate-moveright btMiddleVertical\"  ><div class=\"rowItemContent\" ><header class=\"header btClear medium  btAccentDash\" ><div class=\"btSuperTitle\">Necessites demanar hora?<\/div><div class=\"dash\"><h3><span class=\"headline\">CONTACTA CON NOSOTROS<\/span><\/h3><\/div><\/header><\/div><\/div><div class=\"rowItem col-md-3 col-sm-6 col-ms-12 btTextRight animate animate-fadein animate-moveleft btMiddleVertical\"  ><div class=\"rowItemContent\" ><div class=\"btClear btSeparator topExtraSmallSpaced noBorder\" ><hr><\/div><a href=\"http:\/\/www.clinicadentalmontornes.com\/es\/contacto\/\" class=\"btBtn btBtn btnFilledStyle btnLightColor btnSmall btnNormalWidth btnRightPosition btnNoIcon\" ><span class=\"btnInnerText\">CONTACTAR<\/span><\/a><\/div><\/div><\/div><\/div><\/div><\/div><\/div><\/section><section id=\"services\" data-parallax=\"0\" data-parallax-offset=\"0\" class=\"boldSection topSpaced bottomSemiSpaced gutter inherit btParallax\" ><div class=\"port\"><div class=\"boldCell\"><div class=\"boldCellInner\"><div class=\"boldRow  \" ><div class=\"boldRowInner\"><div class=\"rowItem col-md-2  col-sm-4 col-ms-12 btTextLeft\"  ><div class=\"rowItemContent\" ><\/div><\/div><div class=\"rowItem col-md-8 col-ms-12 btTextCenter animate animate-fadein animate-moveleft inherit\"  ><div class=\"rowItemContent\" ><header class=\"header btClear extralarge btDash topDash  btAccentDash\" ><div class=\"btSuperTitle\">Ortodoncia Invisible<\/div><div class=\"dash\"><h1><span class=\"headline\"><b class=\"animate\">INVISALIGN<\/b><\/span><\/h1><\/div><div class=\"btSubTitle\">Invisalign\u00ae es un nuevo sistema de ortodoncia invisible para alinear tus dientes y tu sonrisa sin la necesidad de brackets. Funciona como una serie de alineadores hechos a medida transparentes y extra\u00edbles.<\/div><\/header><div class=\"btClear btSeparator bottomSemiSpaced noBorder\" ><hr><\/div><\/div><\/div><div class=\"rowItem col-md-2  col-sm-4 col-ms-12 btTextLeft\"  ><div class=\"rowItemContent\" ><\/div><\/div><\/div><\/div><div class=\"boldRow  \" ><div class=\"boldRowInner\"><div class=\"rowItem col-md-3 col-sm-6 col-ms-12 btTextCenter inherit\"  ><div class=\"rowItemContent\" ><\/div><\/div><div class=\"rowItem col-md-6 col-sm-12 btTextLeft\"  ><div class=\"rowItemContent\" ><div class=\"btText\" ><\/p>\n<p><iframe loading=\"lazy\" src=\"https:\/\/www.youtube.com\/embed\/wCGFmUfpmvM\" width=\"560\" height=\"315\" frameborder=\"0\" allowfullscreen=\"allowfullscreen\" data-mce-fragment=\"1\"><\/iframe><\/p>\n<p>\n<\/div><\/div><\/div><div class=\"rowItem col-md-3 col-sm-6 col-ms-12 btTextLeft\"  ><div class=\"rowItemContent\" ><\/div><\/div><\/div><\/div><div class=\"boldRow  \" ><div class=\"boldRowInner\"><div class=\"rowItem col-md-12 col-ms-12  btTextCenter animate animate-fadein btTextIndent inherit\"  ><div class=\"rowItemContent\" ><div class=\"btClear btSeparator topSemiSpaced noBorder\" ><hr><\/div><\/div><\/div><\/div><\/div><\/div><\/div><\/div><\/section><\/p>\n","protected":false},"excerpt":{"rendered":"","protected":false},"author":1,"featured_media":0,"parent":0,"menu_order":0,"comment_status":"closed","ping_status":"closed","template":"","meta":{"footnotes":""},"class_list":["post-913","page","type-page","status-publish","hentry"],"_links":{"self":[{"href":"https:\/\/www.clinicadentalmontornes.com\/es\/wp-json\/wp\/v2\/pages\/913\/"}],"collection":[{"href":"https:\/\/www.clinicadentalmontornes.com\/es\/wp-json\/wp\/v2\/pages\/"}],"about":[{"href":"https:\/\/www.clinicadentalmontornes.com\/es\/wp-json\/wp\/v2\/types\/page\/"}],"author":[{"embeddable":true,"href":"https:\/\/www.clinicadentalmontornes.com\/es\/wp-json\/wp\/v2\/users\/1\/"}],"replies":[{"embeddable":true,"href":"https:\/\/www.clinicadentalmontornes.com\/es\/wp-json\/wp\/v2\/comments\/?post=913"}],"version-history":[{"count":2,"href":"https:\/\/www.clinicadentalmontornes.com\/es\/wp-json\/wp\/v2\/pages\/913\/revisions\/"}],"predecessor-version":[{"id":1172,"href":"https:\/\/www.clinicadentalmontornes.com\/es\/wp-json\/wp\/v2\/pages\/913\/revisions\/1172\/"}],"wp:attachment":[{"href":"https:\/\/www.clinicadentalmontornes.com\/es\/wp-json\/wp\/v2\/media\/?parent=913"}],"curies":[{"name":"wp","href":"https:\/\/api.w.org\/{rel}","templated":true}]}}