{"id":911,"date":"2017-04-19T16:32:54","date_gmt":"2017-04-19T16:32:54","guid":{"rendered":"http:\/\/www.clinicadentalmontornes.com\/?page_id=911\/"},"modified":"2018-11-13T09:32:06","modified_gmt":"2018-11-13T09:32:06","slug":"dentista-urgencias","status":"publish","type":"page","link":"https:\/\/www.clinicadentalmontornes.com\/es\/dentista-urgencias\/","title":{"rendered":"Dentista de urgencias"},"content":{"rendered":"<p><section id=\"bt_section69f8761c3cc65\"  class=\"boldSection topSemiSpaced btDarkSkin gutter inherit wBackground cover btAccentColorBackground\" style=\"background-image:url('https:\/\/www.clinicadentalmontornes.com\/wp-content\/uploads\/2017\/04\/background.jpg');\"><div class=\"port\"><div class=\"boldCell\"><div class=\"boldCellInner\"><div class=\"boldRow  \" ><div class=\"boldRowInner\"><div class=\"rowItem col-md-9 col-ms-12  btTextLeft animate animate-fadein animate-moveleft inherit\"  ><div class=\"rowItemContent\" ><div class=\"btClear btSeparator topExtraSpaced bottomSmallSpaced noBorder\" ><hr><\/div><header class=\"header btClear extralarge btDash topDash  btNormalDash\" ><div class=\"btSuperTitle\">Servicios<\/div><div class=\"dash\"><h1><span class=\"headline\">DENTISTA DE URGENCIAS<\/span><\/h1><\/div><div class=\"btSubTitle\">En la Cl\u00ednica Dental Onze de Setembre, ofrecemos servicio de urgencias en todo momento durante el horario en que la cl\u00ednica est\u00e1 abierta al p\u00fablico.<\/div><\/header><div class=\"btClear btSeparator topSpaced noBorder\" ><hr><\/div><\/div><\/div><div class=\"rowItem col-md-3 col-sm-6 col-ms-12 btTextLeft\"  ><div class=\"rowItemContent\" ><\/div><\/div><\/div><\/div><\/div><\/div><\/div><\/section><section id=\"bt_section69f8761c3d841\" data-parallax=\"0.5\" data-parallax-offset=\"0\" class=\"boldSection topSpaced gutter inherit btParallax wBackground cover\" style=\"background-image:url('https:\/\/www.clinicadentalmontornes.com\/wp-content\/uploads\/2017\/04\/fonsblanc.jpg');\"><div class=\"port\"><div class=\"boldCell\"><div class=\"boldCellInner\"><div class=\"boldRow  \" ><div class=\"boldRowInner\"><div class=\"rowItem col-md-8 col-ms-12 btTextLeft animate animate-fadein inherit\"  ><div class=\"rowItemContent\" ><div class=\"btClear btSeparator bottomSmallSpaced noBorder\" ><hr><\/div><div class=\"boldRow boldInnerRow  \" ><div class=\"rowItem rowInnerItem col-md-12  btTextLeft\"  ><div class=\"rowItemContent\"><div class=\"btText\" ><\/p>\n<p>Diariamente somos testigos de la incomodidad que provoca el dolor dental.<\/p>\n<p>Por este motivo en la Cl\u00ednica Dental Once de Septiembre, ofrecemos servicio de urgencias en todo momento durante el horario en que la cl\u00ednica est\u00e1 abierta al p\u00fablico.<\/p>\n<p>Nuestro horario es:<\/p>\n<p><strong>De lunes a viernes de 10:00h a 14:00h y de 16:00h a 20:00h<\/strong><\/p>\n<p><strong>S\u00e1bado de 10:00h a 14:00h<\/strong><\/p>\n<p>Si tiene dolor dental, en las enc\u00edas, o tiene cualquier urgencia que lo haga ir al dentista sin perder tiempo, en la Cl\u00ednica Dental Once de Septiembre <strong>se ahorrar\u00e1 esperar el turno.<\/strong><br \/>\nEste servicio, que ya funciona desde los inicios de nuestra actividad, se ha ido consolidando con el tiempo, siendo actualmente una referencia para las cl\u00ednicas dentales de la zona.<\/p>\n<p>\n<\/div><\/div><\/div><\/div><\/div><\/div><div class=\"rowItem col-md-4 col-ms-12 btTextLeft animate animate-fadein animate-moveleft inherit\"  ><div class=\"rowItemContent\" ><div class=\"bpgPhoto btTextCenter\" ><div class=\"btImage\"><img decoding=\"async\" src=\"https:\/\/www.clinicadentalmontornes.com\/wp-content\/uploads\/2015\/12\/doctor-writing.png\" alt=\"\" title=\"\"><\/div><\/div><\/div><\/div><\/div><\/div><\/div><\/div><\/div><\/section><\/p>\n","protected":false},"excerpt":{"rendered":"","protected":false},"author":1,"featured_media":0,"parent":0,"menu_order":0,"comment_status":"closed","ping_status":"closed","template":"","meta":{"footnotes":""},"class_list":["post-911","page","type-page","status-publish","hentry"],"_links":{"self":[{"href":"https:\/\/www.clinicadentalmontornes.com\/es\/wp-json\/wp\/v2\/pages\/911\/"}],"collection":[{"href":"https:\/\/www.clinicadentalmontornes.com\/es\/wp-json\/wp\/v2\/pages\/"}],"about":[{"href":"https:\/\/www.clinicadentalmontornes.com\/es\/wp-json\/wp\/v2\/types\/page\/"}],"author":[{"embeddable":true,"href":"https:\/\/www.clinicadentalmontornes.com\/es\/wp-json\/wp\/v2\/users\/1\/"}],"replies":[{"embeddable":true,"href":"https:\/\/www.clinicadentalmontornes.com\/es\/wp-json\/wp\/v2\/comments\/?post=911"}],"version-history":[{"count":5,"href":"https:\/\/www.clinicadentalmontornes.com\/es\/wp-json\/wp\/v2\/pages\/911\/revisions\/"}],"predecessor-version":[{"id":1161,"href":"https:\/\/www.clinicadentalmontornes.com\/es\/wp-json\/wp\/v2\/pages\/911\/revisions\/1161\/"}],"wp:attachment":[{"href":"https:\/\/www.clinicadentalmontornes.com\/es\/wp-json\/wp\/v2\/media\/?parent=911"}],"curies":[{"name":"wp","href":"https:\/\/api.w.org\/{rel}","templated":true}]}}