{"id":1334,"date":"2021-04-20T15:25:34","date_gmt":"2021-04-20T15:25:34","guid":{"rendered":"https:\/\/www.clinicadentalmontornes.com\/tac-dental\/"},"modified":"2021-04-20T16:15:54","modified_gmt":"2021-04-20T16:15:54","slug":"tac-dental","status":"publish","type":"page","link":"https:\/\/www.clinicadentalmontornes.com\/es\/tac-dental\/","title":{"rendered":"TAC dental"},"content":{"rendered":"<p><section id=\"bt_section69fafeec4668c\"  class=\"boldSection topSemiSpaced btDarkSkin gutter inherit wBackground cover btAccentColorBackground\" style=\"background-image:url('https:\/\/www.clinicadentalmontornes.com\/wp-content\/uploads\/2017\/04\/background-1.jpg');\"><div class=\"port\"><div class=\"boldCell\"><div class=\"boldCellInner\"><div class=\"boldRow  \" ><div class=\"boldRowInner\"><div class=\"rowItem col-md-9 col-ms-12  btTextLeft animate animate-fadein animate-moveleft inherit\"  ><div class=\"rowItemContent\" ><div class=\"btClear btSeparator topExtraSpaced bottomSmallSpaced noBorder\" ><hr><\/div><header class=\"header btClear extralarge btDash topDash  btNormalDash\" ><div class=\"btSuperTitle\">Radiolog\u00eda dental<\/div><div class=\"dash\"><h1><span class=\"headline\">TAC DENTAL<\/span><\/h1><\/div><div class=\"btSubTitle\">En nuestra cl\u00ednica dental disponemos de aparatolog\u00eda para realizar TAC dental. Se trata de una prueba r\u00e1pida, que se realiza en unos 20 segundos.<\/div><\/header><div class=\"btClear btSeparator topExtraSmallSpaced noBorder\" ><hr><\/div><a href=\"https:\/\/www.clinicadentalmontornes.com\/es\/tratamientos\/\" class=\"btBtn btBtn btnFilledStyle btnAccentColor btnMedium btnNormalWidth btnRightPosition btnNoIcon\" ><span class=\"btnInnerText\">TRATAMIENTOS<\/span><\/a><a href=\"https:\/\/www.clinicadentalmontornes.com\/es\/contacto\/\" class=\"btBtn btBtn btnFilledStyle btnAlternateColor btnMedium btnNormalWidth btnRightPosition btnNoIcon\" ><span class=\"btnInnerText\">CONTACTO<\/span><\/a><div class=\"btClear btSeparator topSpaced noBorder\" ><hr><\/div><\/div><\/div><div class=\"rowItem col-md-3 col-sm-6 col-ms-12 btTextLeft\"  ><div class=\"rowItemContent\" ><\/div><\/div><\/div><\/div><\/div><\/div><\/div><\/section><section id=\"bt_section69fafeec46c65\"  class=\"boldSection gutter inherit\" style=\"margin-top: -6px;\"><div class=\"port\"><div class=\"boldCell\"><div class=\"boldCellInner\"><div class=\"boldRow  \" ><div class=\"boldRowInner\"><div class=\"rowItem col-md-4 col-ms-12 btTextLeft inherit\" style=\"background-color: rgba(0, 179, 204, 1);\" ><div class=\"rowItemContent\" ><div class=\"btClear btSeparator topExtraSmallSpaced noBorder\" ><hr><\/div><\/div><\/div><div class=\"rowItem col-md-4 col-ms-12 btTextLeft inherit\" style=\"background-color: rgba(0, 161, 190, 1);\" ><div class=\"rowItemContent\" ><div class=\"btClear btSeparator topExtraSmallSpaced noBorder\" ><hr><\/div><\/div><\/div><div class=\"rowItem col-md-4 col-ms-12 btTextLeft inherit\" style=\"background-color: rgba(0, 135, 170, 1);\" ><div class=\"rowItemContent\" ><div class=\"btClear btSeparator topExtraSmallSpaced noBorder\" ><hr><\/div><\/div><\/div><\/div><\/div><\/div><\/div><\/div><\/section><section id=\"bt_section69fafeec47091\"  class=\"boldSection topSemiSpaced bottomSpaced gutter inherit\" ><div class=\"port\"><div class=\"boldCell\"><div class=\"boldCellInner\"><div class=\"boldRow  \" ><div class=\"boldRowInner\"><div class=\"rowItem col-md-12 col-ms-12  btTextLeft animate animate-fadein animate-moveright inherit\"  ><div class=\"rowItemContent\" ><div class=\"btClear btSeparator topSemiSpaced bottomSemiSpaced noBorder\" ><hr><\/div><\/div><\/div><\/div><\/div><div class=\"boldRow  \" ><div class=\"boldRowInner\"><div class=\"rowItem col-md-6 col-sm-12 btTextLeft inherit\"  ><div class=\"rowItemContent\" ><div class=\"btClear btSeparator bottomSmallSpaced noBorder\" ><hr><\/div><header class=\"header btClear large btDash topDash  btAccentDash\" ><div class=\"btSuperTitle\">ServIcios<\/div><div class=\"dash\"><h2><span class=\"headline\">TAC DENTAL<\/span><\/h2><\/div><\/header><div class=\"btClear btSeparator bottomSmallSpaced noBorder\" ><hr><\/div><div class=\"btText\" ><\/p>\n<p>El TAC nos proporciona imagenes detalladas en 3D de todas las estructuras anat\u00f3micas, reproduciendo desde los tejidos blandos, hasta los huesos y dientes, incluyendo nervios y vasos sangu\u00edneos.<\/p>\n<p>Con esta tecnolog\u00eda podemos efectuar un diagn\u00f3stico m\u00e1s completo en cada caso.<\/p>\n<p>En nuestra cl\u00ednica dental utilizamos el TAC habitualmente para:<\/p>\n<ul>\n<li>Diagn\u00f3sticos precisos de diferentes patolog\u00edas orales<\/li>\n<li>Planificaci\u00f3n de tratamiento con implantes<\/li>\n<li>Verifiaci\u00f3n de la posici\u00f3 exacta de dientes impactados y tumores \u00f3seos<\/li>\n<li>Planificaci\u00f3n de tratamientos de ortodoncia<\/li>\n<li>Valoraciones en casos de endodoncia y periodoncia<\/li>\n<\/ul>\n<p>Sin duda se trata de una herramienta de trabajo indispensable hoy en d\u00eda.<\/p>\n<p>\n<\/div><div class=\"btClear btSeparator bottomSmallSpaced noBorder\" ><hr><\/div><\/div><\/div><div class=\"rowItem col-md-6 col-sm-12 btTextLeft\"  ><div class=\"rowItemContent\" ><div class=\"btText\" ><\/p>\n<p><img loading=\"lazy\" decoding=\"async\" class=\"alignnone size-full wp-image-1323\" src=\"https:\/\/www.clinicadentalmontornes.com\/wp-content\/uploads\/2021\/04\/tacmontornes.jpg\" alt=\"\" width=\"675\" height=\"900\" srcset=\"https:\/\/www.clinicadentalmontornes.com\/wp-content\/uploads\/2021\/04\/tacmontornes.jpg 675w, https:\/\/www.clinicadentalmontornes.com\/wp-content\/uploads\/2021\/04\/tacmontornes-320x427.jpg 320w, https:\/\/www.clinicadentalmontornes.com\/wp-content\/uploads\/2021\/04\/tacmontornes-540x720.jpg 540w\" sizes=\"auto, (max-width: 675px) 100vw, 675px\" \/><\/p>\n<p>\n<\/div><div class=\"btClear btSeparator\" ><hr><\/div><\/div><\/div><\/div><\/div><div class=\"boldRow  \" ><div class=\"boldRowInner\"><\/div><\/div><\/div><\/div><\/div><\/section><section id=\"bt_section69fafeec4776f\"  class=\"boldSection topSemiSpaced bottomSemiSpaced btDarkSkin gutter inherit btAccentColorBackground\" ><div class=\"port\"><div class=\"boldCell\"><div class=\"boldCellInner\"><div class=\"boldRow  \" ><div class=\"boldRowInner\"><div class=\"rowItem col-md-8 col-ms-12 btTextLeft animate animate-fadein animate-moveup btMiddleVertical\"  ><div class=\"rowItemContent\" ><header class=\"header btClear medium  btAccentDash\" ><div class=\"btSuperTitle\">Una buena salud dental mejorar\u00e1 nuestra calidad de vida<\/div><div class=\"dash\"><h3><span class=\"headline\">NUESTRAS CL\u00cdNICAS<\/span><\/h3><\/div><\/header><\/div><\/div><div class=\"rowItem col-md-4 col-ms-12 btTextLeft\"  ><div class=\"rowItemContent\" ><a href=\"https:\/\/www.clinicadentalmontornes.com\/es\/contacto\/\" class=\"btBtn btBtn btnOutlineStyle btnLightColor btnBig btnNormalWidth btnRightPosition btnNoIcon\" ><span class=\"btnInnerText\">CONTACTO<\/span><\/a><\/div><\/div><\/div><\/div><\/div><\/div><\/div><\/section><section id=\"bt_section69fafeec47bfe\"  class=\"boldSection topSmallSpaced gutter inherit\" ><div class=\"port\"><div class=\"boldCell\"><div class=\"boldCellInner\"><div class=\"boldRow  \" ><div class=\"boldRowInner\"><div class=\"rowItem col-md-12 col-ms-12  btTextLeft inherit\"  ><div class=\"rowItemContent\" ><div class=\"btClear btSeparator bottomSmallSpaced noBorder\" ><hr><\/div><header class=\"header btClear large btDash topDash  btAccentDash\" ><div class=\"btSuperTitle\">D\u00f3nde estamos<\/div><div class=\"dash\"><h2><span class=\"headline\">INSTALACIONES<\/span><\/h2><\/div><\/header><div class=\"btClear btSeparator bottomSmallSpaced noBorder\" ><hr><\/div><div class=\"btText\" ><\/p>\n<p>En Cl\u00ednica Dental Once de Septiembre se tratan todas las especialidades odontol\u00f3gicas.<\/p>\n<p>Somos una cl\u00ednica joven con buenos profesionales formados en las mejores universidades, y especializados en las diferentes \u00e1reas de la odontolog\u00eda.<\/p>\n<p>Siempre en constante actualizaci\u00f3n, le ofreceremos los \u00faltimos tratamientos y las \u00faltimas novedades en el mundo dental.<\/p>\n<p>Nuestras instalaciones constan de:<\/p>\n<ul>\n<li>Sala de espera<\/li>\n<li>4 consultas de odontolog\u00eda<\/li>\n<li>Zona de juegos para ni\u00f1os<\/li>\n<li>Zona de esterilizaci\u00f3n<\/li>\n<li>Sala rayo X con captaci\u00f3n digital<\/li>\n<\/ul>\n<p>\n<\/div><div class=\"btClear btSeparator bottomSmallSpaced noBorder\" ><hr><\/div><\/div><\/div><\/div><\/div><div class=\"boldRow  \" ><div class=\"boldRowInner\"><div class=\"rowItem col-md-4 col-ms-12 btTextLeft\"  ><div class=\"rowItemContent\" ><div class=\"btText\" ><\/p>\n<p><a href=\"http:\/\/www.clinicadentalmontornes.com\/wp-content\/uploads\/2017\/11\/interior.jpg\" rel=\"lightbox\"><img decoding=\"async\" src=\"http:\/\/www.clinicadentalmontornes.com\/wp-content\/uploads\/2017\/11\/interior.jpg\" border=\"0\" \/><\/a><\/p>\n<p>\n<\/div><\/div><\/div><div class=\"rowItem col-md-4 col-ms-12 btTextLeft\"  ><div class=\"rowItemContent\" ><div class=\"btText\" ><\/p>\n<p><a href=\"http:\/\/www.clinicadentalmontornes.com\/wp-content\/uploads\/2017\/11\/salaespera.jpg\" rel=\"lightbox\"><img decoding=\"async\" src=\"http:\/\/www.clinicadentalmontornes.com\/wp-content\/uploads\/2017\/11\/salaespera.jpg\" border=\"0\" \/><\/a><\/p>\n<p>\n<\/div><\/div><\/div><div class=\"rowItem col-md-4 col-ms-12 btTextLeft\"  ><div class=\"rowItemContent\" ><div class=\"btText\" ><\/p>\n<p><a href=\"http:\/\/www.clinicadentalmontornes.com\/wp-content\/uploads\/2017\/11\/radiografia.jpg\" rel=\"lightbox\"><img decoding=\"async\" src=\"http:\/\/www.clinicadentalmontornes.com\/wp-content\/uploads\/2017\/11\/radiografia.jpg\" border=\"0\" \/><\/a><\/p>\n<p>\n<\/div><\/div><\/div><\/div><\/div><div class=\"boldRow  \" ><div class=\"boldRowInner\"><div class=\"rowItem col-md-12 col-ms-12  btTextLeft\"  ><div class=\"rowItemContent\" ><div class=\"btClear btSeparator bottomSmallSpaced noBorder\" ><hr><\/div><\/div><\/div><\/div><\/div><div class=\"boldRow  \" ><div class=\"boldRowInner\"><div class=\"rowItem col-md-4 col-ms-12 btTextLeft\"  ><div class=\"rowItemContent\" ><div class=\"btText\" ><\/p>\n<p><a href=\"http:\/\/www.clinicadentalmontornes.com\/wp-content\/uploads\/2017\/11\/box.jpg\" rel=\"lightbox\"><img decoding=\"async\" src=\"http:\/\/www.clinicadentalmontornes.com\/wp-content\/uploads\/2017\/11\/box.jpg\" border=\"0\" \/><\/a><\/p>\n<p>\n<\/div><\/div><\/div><div class=\"rowItem col-md-4 col-ms-12 btTextLeft\"  ><div class=\"rowItemContent\" ><div class=\"btText\" ><\/p>\n<p><a href=\"http:\/\/www.clinicadentalmontornes.com\/wp-content\/uploads\/2017\/11\/box2.jpg\" rel=\"lightbox\"><img decoding=\"async\" src=\"http:\/\/www.clinicadentalmontornes.com\/wp-content\/uploads\/2017\/11\/box2.jpg\" border=\"0\" \/><\/a><\/p>\n<p>\n<\/div><\/div><\/div><div class=\"rowItem col-md-4 col-ms-12 btTextLeft\"  ><div class=\"rowItemContent\" ><div class=\"btText\" ><\/p>\n<p><a href=\"http:\/\/www.clinicadentalmontornes.com\/wp-content\/uploads\/2017\/11\/interior.jpg\" rel=\"lightbox\"><img decoding=\"async\" src=\"http:\/\/www.clinicadentalmontornes.com\/wp-content\/uploads\/2017\/11\/interior.jpg\" border=\"0\" \/><\/a><\/p>\n<p>\n<\/div><\/div><\/div><\/div><\/div><div class=\"boldRow  \" ><div class=\"boldRowInner\"><div class=\"rowItem col-md-12 col-ms-12  btTextLeft\"  ><div class=\"rowItemContent\" ><div class=\"btClear btSeparator bottomSpaced noBorder\" ><hr><\/div><\/div><\/div><\/div><\/div><\/div><\/div><\/div><\/section><section id=\"bt_section69fafeec486bf\"  class=\"boldSection topSmallSpaced gutter inherit\" ><div class=\"port\"><div class=\"boldCell\"><div class=\"boldCellInner\"><div class=\"boldRow  \" ><div class=\"boldRowInner\"><div class=\"rowItem col-md-12 col-ms-12  btTextLeft\"  ><div class=\"rowItemContent\" ><div class=\"btClear btSeparator bottomSpaced noBorder\" ><hr><\/div><\/div><\/div><\/div><\/div><\/div><\/div><\/div><\/section><\/p>\n","protected":false},"excerpt":{"rendered":"","protected":false},"author":1,"featured_media":0,"parent":0,"menu_order":0,"comment_status":"closed","ping_status":"closed","template":"","meta":{"footnotes":""},"class_list":["post-1334","page","type-page","status-publish","hentry"],"_links":{"self":[{"href":"https:\/\/www.clinicadentalmontornes.com\/es\/wp-json\/wp\/v2\/pages\/1334\/"}],"collection":[{"href":"https:\/\/www.clinicadentalmontornes.com\/es\/wp-json\/wp\/v2\/pages\/"}],"about":[{"href":"https:\/\/www.clinicadentalmontornes.com\/es\/wp-json\/wp\/v2\/types\/page\/"}],"author":[{"embeddable":true,"href":"https:\/\/www.clinicadentalmontornes.com\/es\/wp-json\/wp\/v2\/users\/1\/"}],"replies":[{"embeddable":true,"href":"https:\/\/www.clinicadentalmontornes.com\/es\/wp-json\/wp\/v2\/comments\/?post=1334"}],"version-history":[{"count":3,"href":"https:\/\/www.clinicadentalmontornes.com\/es\/wp-json\/wp\/v2\/pages\/1334\/revisions\/"}],"predecessor-version":[{"id":1344,"href":"https:\/\/www.clinicadentalmontornes.com\/es\/wp-json\/wp\/v2\/pages\/1334\/revisions\/1344\/"}],"wp:attachment":[{"href":"https:\/\/www.clinicadentalmontornes.com\/es\/wp-json\/wp\/v2\/media\/?parent=1334"}],"curies":[{"name":"wp","href":"https:\/\/api.w.org\/{rel}","templated":true}]}}