{"id":1233,"date":"2018-12-12T16:08:19","date_gmt":"2018-12-12T16:08:19","guid":{"rendered":"http:\/\/www.clinicadentalmontornes.com\/equip\/"},"modified":"2021-10-06T16:17:40","modified_gmt":"2021-10-06T16:17:40","slug":"equip","status":"publish","type":"page","link":"https:\/\/www.clinicadentalmontornes.com\/es\/equip\/","title":{"rendered":"Equipo"},"content":{"rendered":"<p><section id=\"bt_section69faff20dd49d\"  class=\"boldSection topSemiSpaced btDarkSkin gutter inherit wBackground cover btAccentColorBackground\" style=\"background-image:url('https:\/\/www.clinicadentalmontornes.com\/wp-content\/uploads\/2017\/04\/background.jpg');\"><div class=\"port\"><div class=\"boldCell\"><div class=\"boldCellInner\"><div class=\"boldRow  \" ><div class=\"boldRowInner\"><div class=\"rowItem col-md-9 col-ms-12  btTextLeft animate animate-fadein animate-moveleft inherit\"  ><div class=\"rowItemContent\" ><div class=\"btClear btSeparator topExtraSpaced bottomSmallSpaced noBorder\" ><hr><\/div><header class=\"header btClear extralarge btDash topDash  btNormalDash\" ><div class=\"btSuperTitle\">Equipo humano<\/div><div class=\"dash\"><h1><span class=\"headline\">EQUIPO<\/span><\/h1><\/div><div class=\"btSubTitle\">La Cl\u00ednica Dental Montorn\u00e8s cuenta con el personal m\u00e1s cualificado y comprometido con el paciente. Nuestro equipo est\u00e1 preparado para que sientas que est\u00e1s en las mejores manos.<\/div><\/header><div class=\"btClear btSeparator topSpaced noBorder\" ><hr><\/div><\/div><\/div><div class=\"rowItem col-md-3 col-sm-6 col-ms-12 btTextLeft\"  ><div class=\"rowItemContent\" ><\/div><\/div><\/div><\/div><\/div><\/div><\/div><\/section><section id=\"bt_section69faff20dd9c0\"  class=\"boldSection topSpaced bottomSpaced gutter inherit\" ><div class=\"port\"><div class=\"boldCell\"><div class=\"boldCellInner\"><\/div><\/div><\/div><\/section><section id=\"bt_section69faff20dda81\"  class=\"boldSection topSpaced bottomSpaced gutter inherit\" ><div class=\"port\"><div class=\"boldCell\"><div class=\"boldCellInner\"><div class=\"boldRow  \" ><div class=\"boldRowInner\"><div class=\"rowItem col-md-4 col-ms-12 btTextLeft animate animate-fadein btTextIndent inherit btDarkSkin\" style=\"background-color: rgba(255, 255, 255, 1);\" ><div class=\"rowItemContent\" style = \"background-color:#006d95;\"><div class=\"bpgPhoto btTextCenter btSimpleHoverType\" ><div class=\"btImage\"><img decoding=\"async\" src=\"https:\/\/www.clinicadentalmontornes.com\/wp-content\/uploads\/2020\/06\/marcclinica.jpg\" alt=\"\" title=\"\"><\/div><\/div><div class=\"btIconImageRow btIconsHalfHoverPosition\" ><span class=\"btIco btIcoFilledType btIcoMediumSize btIcoAccentColor   \" ><a href=\"#\"  target = \"no_target\" data-ico-cs=\"&#xe9bb;\" class=\"btIcoHolder\"><em><\/em><\/a><\/span><span class=\"btIco btIcoFilledType btIcoMediumSize btIcoAccentColor   \" ><a href=\"#\"  target = \"no_target\" data-ico-cs=\"&#xe9bc;\" class=\"btIcoHolder\"><em><\/em><\/a><\/span><\/div><div class=\"btClear btSeparator topExtraSmallSpaced noBorder\" ><hr><\/div><header class=\"header btClear medium  btNormalDash\" style=\"margin-bottom: 0;\"><div class=\"btSuperTitle\">Cirug\u00eda e Implantolog\u00eda<\/div><div class=\"dash\"><h3><span class=\"headline\">Dr. Marc Pujol<\/span><\/h3><\/div><\/header><div class=\"btClear btSeparator topExtraSmallSpaced noBorder\" ><hr><\/div><div class=\"btText\" ><\/p>\n<p>COL N\u00ba 4365<\/p>\n<p>\n<\/div><div class=\"btClear btSeparator topSmallSpaced noBorder\" ><hr><\/div><\/div><\/div><div class=\"rowItem col-md-4 col-ms-12 btTextLeft animate animate-fadein btTextIndent inherit btDarkSkin\" style=\"background-color: rgba(255, 255, 255, 1);\" ><div class=\"rowItemContent\" style = \"background-color:#006d95;\"><div class=\"bpgPhoto btTextCenter btSimpleHoverType\" ><div class=\"btImage\"><img decoding=\"async\" src=\"https:\/\/www.clinicadentalmontornes.com\/wp-content\/uploads\/2021\/04\/DRA-MARTA-MONLLAU-ortodoncista.jpg\" alt=\"\" title=\"\"><\/div><\/div><div class=\"btIconImageRow btIconsHalfHoverPosition\" ><span class=\"btIco btIcoFilledType btIcoMediumSize btIcoAccentColor   \" ><a href=\"#\"  target = \"no_target\" data-ico-cs=\"&#xe9bb;\" class=\"btIcoHolder\"><em><\/em><\/a><\/span><span class=\"btIco btIcoFilledType btIcoMediumSize btIcoAccentColor   \" ><a href=\"#\"  target = \"no_target\" data-ico-cs=\"&#xe9bc;\" class=\"btIcoHolder\"><em><\/em><\/a><\/span><\/div><div class=\"btClear btSeparator topExtraSmallSpaced noBorder\" ><hr><\/div><header class=\"header btClear medium  btNormalDash\" style=\"margin-bottom: 0;\"><div class=\"btSuperTitle\">Ortodoncista<\/div><div class=\"dash\"><h3><span class=\"headline\">Dra. Marta Monllau<\/span><\/h3><\/div><\/header><div class=\"btClear btSeparator topExtraSmallSpaced noBorder\" ><hr><\/div><div class=\"btText\" ><\/p>\n<p>COL N\u00ba 7278<\/p>\n<p>\n<\/div><div class=\"btClear btSeparator topSmallSpaced noBorder\" ><hr><\/div><\/div><\/div><div class=\"rowItem col-md-4 col-ms-12 btTextLeft animate animate-fadein btTextIndent inherit btDarkSkin\" style=\"background-color: rgba(255, 255, 255, 1);\" ><div class=\"rowItemContent\" style = \"background-color:#006d95;\"><div class=\"bpgPhoto btTextCenter\" ><div class=\"btImage\"><img decoding=\"async\" src=\"https:\/\/www.clinicadentalmontornes.com\/wp-content\/uploads\/2018\/12\/DRA-IVETTE-MARQUES-ortodoncista.jpg\" alt=\"\" title=\"\"><\/div><\/div><div class=\"btIconImageRow btIconsHalfHoverPosition\" ><span class=\"btIco btIcoFilledType btIcoMediumSize btIcoAccentColor   \" ><a href=\"#\"  target = \"no_target\" data-ico-cs=\"&#xe9bb;\" class=\"btIcoHolder\"><em><\/em><\/a><\/span><span class=\"btIco btIcoFilledType btIcoMediumSize btIcoAccentColor   \" ><a href=\"#\"  target = \"no_target\" data-ico-cs=\"&#xe9bc;\" class=\"btIcoHolder\"><em><\/em><\/a><\/span><\/div><div class=\"btClear btSeparator topExtraSmallSpaced noBorder\" ><hr><\/div><header class=\"header btClear medium  btNormalDash\" style=\"margin-bottom: 0;\"><div class=\"btSuperTitle\">Ortodoncista<\/div><div class=\"dash\"><h3><span class=\"headline\">Dra. Ivette Marqu\u00e8s<\/span><\/h3><\/div><\/header><div class=\"btClear btSeparator topExtraSmallSpaced noBorder\" ><hr><\/div><div class=\"btText\" ><\/p>\n<p>COL N\u00ba 7285<\/p>\n<p>\n<\/div><div class=\"btClear btSeparator topSmallSpaced noBorder\" ><hr><\/div><\/div><\/div><\/div><\/div><\/div><\/div><\/div><\/section><section id=\"bt_section69faff20df5e0\"  class=\"boldSection topSpaced bottomSpaced gutter inherit\" ><div class=\"port\"><div class=\"boldCell\"><div class=\"boldCellInner\"><div class=\"boldRow  \" ><div class=\"boldRowInner\"><div class=\"rowItem col-md-4 col-ms-12 btTextLeft animate animate-fadein btTextIndent inherit btDarkSkin\" style=\"background-color: rgba(255, 255, 255, 1);\" ><div class=\"rowItemContent\" style = \"background-color:#006d95;\"><div class=\"bpgPhoto btTextCenter btSimpleHoverType\" ><div class=\"btImage\"><img decoding=\"async\" src=\"https:\/\/www.clinicadentalmontornes.com\/wp-content\/uploads\/2018\/12\/Dr.-Xavier-Go\u00f1alons-ENDODONCISTA.jpg\" alt=\"\" title=\"\"><\/div><\/div><div class=\"btIconImageRow btIconsHalfHoverPosition\" ><span class=\"btIco btIcoFilledType btIcoMediumSize btIcoAccentColor   \" ><a href=\"#\"  target = \"no_target\" data-ico-cs=\"&#xe9bb;\" class=\"btIcoHolder\"><em><\/em><\/a><\/span><span class=\"btIco btIcoFilledType btIcoMediumSize btIcoAccentColor   \" ><a href=\"#\"  target = \"no_target\" data-ico-cs=\"&#xe9b8;\" class=\"btIcoHolder\"><em><\/em><\/a><\/span><\/div><div class=\"btClear btSeparator topExtraSmallSpaced noBorder\" ><hr><\/div><header class=\"header btClear medium  btNormalDash\" style=\"margin-bottom: 0;\"><div class=\"btSuperTitle\">Endodoncista<\/div><div class=\"dash\"><h3><span class=\"headline\">Dr. Xavier Go\u00f1alons<\/span><\/h3><\/div><\/header><div class=\"btClear btSeparator topExtraSmallSpaced noBorder\" ><hr><\/div><div class=\"btText\" ><\/p>\n<p>COL N\u00ba 8529<\/p>\n<p>\n<\/div><div class=\"btClear btSeparator topSmallSpaced noBorder\" ><hr><\/div><\/div><\/div><div class=\"rowItem col-md-4 col-ms-12 btTextLeft animate animate-fadein btTextIndent inherit btDarkSkin\" style=\"background-color: rgba(255, 255, 255, 1);\" ><div class=\"rowItemContent\" style = \"background-color:#006d95;\"><div class=\"bpgPhoto btTextCenter btSimpleHoverType\" ><div class=\"btImage\"><img decoding=\"async\" src=\"https:\/\/www.clinicadentalmontornes.com\/wp-content\/uploads\/2018\/12\/dra-ANNA-BRUSTENGA-Odontopediatra-i-Odontologia-General.jpg\" alt=\"\" title=\"\"><\/div><\/div><div class=\"btIconImageRow btIconsHalfHoverPosition\" ><span class=\"btIco btIcoFilledType btIcoMediumSize btIcoAccentColor   \" ><a href=\"#\"  target = \"no_target\" data-ico-cs=\"&#xe9bb;\" class=\"btIcoHolder\"><em><\/em><\/a><\/span><span class=\"btIco btIcoFilledType btIcoMediumSize btIcoAccentColor   \" ><a href=\"#\"  target = \"no_target\" data-ico-cs=\"&#xe9bc;\" class=\"btIcoHolder\"><em><\/em><\/a><\/span><\/div><div class=\"btClear btSeparator topExtraSmallSpaced noBorder\" ><hr><\/div><header class=\"header btClear medium  btNormalDash\" style=\"margin-bottom: 0;\"><div class=\"btSuperTitle\">Odontopediatra i odontolog\u00eda general<\/div><div class=\"dash\"><h3><span class=\"headline\">Dra. Anna Brustenga<\/span><\/h3><\/div><\/header><div class=\"btClear btSeparator topExtraSmallSpaced noBorder\" ><hr><\/div><div class=\"btText\" ><\/p>\n<p>COL N\u00ba 8245<\/p>\n<p>\n<\/div><div class=\"btClear btSeparator topSmallSpaced noBorder\" ><hr><\/div><\/div><\/div><div class=\"rowItem col-md-4 col-ms-12 btTextLeft animate animate-fadein btTextIndent inherit btDarkSkin\" style=\"background-color: rgba(255, 255, 255, 1);\" ><div class=\"rowItemContent\" style = \"background-color:#006d95;\"><div class=\"bpgPhoto btTextCenter btSimpleHoverType\" ><div class=\"btImage\"><img decoding=\"async\" src=\"https:\/\/www.clinicadentalmontornes.com\/wp-content\/uploads\/2018\/12\/laura.jpg\" alt=\"\" title=\"\"><\/div><\/div><div class=\"btIconImageRow btIconsHalfHoverPosition\" ><span class=\"btIco btIcoFilledType btIcoMediumSize btIcoAccentColor   \" ><a href=\"#\"  target = \"no_target\" data-ico-cs=\"&#xe9bb;\" class=\"btIcoHolder\"><em><\/em><\/a><\/span><span class=\"btIco btIcoFilledType btIcoMediumSize btIcoAccentColor   \" ><a href=\"#\"  target = \"no_target\" data-ico-cs=\"&#xe9bc;\" class=\"btIcoHolder\"><em><\/em><\/a><\/span><\/div><div class=\"btClear btSeparator topExtraSmallSpaced noBorder\" ><hr><\/div><header class=\"header btClear medium  btNormalDash\" style=\"margin-bottom: 0;\"><div class=\"btSuperTitle\">Est\u00e9tica dental y odontolog\u00eda general<\/div><div class=\"dash\"><h3><span class=\"headline\">Dra. Sandra Moya<\/span><\/h3><\/div><\/header><div class=\"btClear btSeparator topExtraSmallSpaced noBorder\" ><hr><\/div><div class=\"btText\" ><\/p>\n<p>COL N\u00ba 5905<\/p>\n<p>\n<\/div><div class=\"btClear btSeparator topSmallSpaced noBorder\" ><hr><\/div><\/div><\/div><\/div><\/div><\/div><\/div><\/div><\/section><section id=\"bt_section69faff20e14b5\"  class=\"boldSection topSpaced bottomSpaced gutter inherit\" ><div class=\"port\"><div class=\"boldCell\"><div class=\"boldCellInner\"><div class=\"boldRow  \" ><div class=\"boldRowInner\"><div class=\"rowItem col-md-4 col-ms-12 btTextLeft animate animate-fadein btTextIndent inherit btDarkSkin\" style=\"background-color: rgba(255, 255, 255, 1);\" ><div class=\"rowItemContent\" style = \"background-color:#006d95;\"><div class=\"bpgPhoto btTextCenter btSimpleHoverType\" ><div class=\"btImage\"><img decoding=\"async\" src=\"https:\/\/www.clinicadentalmontornes.com\/wp-content\/uploads\/2018\/12\/Paula.jpg\" alt=\"\" title=\"\"><\/div><\/div><div class=\"btIconImageRow btIconsHalfHoverPosition\" ><span class=\"btIco btIcoFilledType btIcoMediumSize btIcoAccentColor   \" ><a href=\"#\"  target = \"no_target\" data-ico-cs=\"&#xe9bb;\" class=\"btIcoHolder\"><em><\/em><\/a><\/span><span class=\"btIco btIcoFilledType btIcoMediumSize btIcoAccentColor   \" ><a href=\"#\"  target = \"no_target\" data-ico-cs=\"&#xe9bc;\" class=\"btIcoHolder\"><em><\/em><\/a><\/span><\/div><div class=\"btClear btSeparator topExtraSmallSpaced noBorder\" ><hr><\/div><header class=\"header btClear medium  btNormalDash\" style=\"margin-bottom: 0;\"><div class=\"btSuperTitle\">Auxiliar de ortodoncia y cirug\u00eda<\/div><div class=\"dash\"><h3><span class=\"headline\">Paula<\/span><\/h3><\/div><\/header><div class=\"btClear btSeparator topExtraSmallSpaced noBorder\" ><hr><\/div><div class=\"btClear btSeparator topSmallSpaced noBorder\" ><hr><\/div><\/div><\/div><div class=\"rowItem col-md-4 col-ms-12 btTextLeft animate animate-fadein btTextIndent inherit btDarkSkin\" style=\"background-color: rgba(255, 255, 255, 1);\" ><div class=\"rowItemContent\" style = \"background-color:#006d95;\"><div class=\"bpgPhoto btTextCenter btSimpleHoverType\" ><div class=\"btImage\"><img decoding=\"async\" src=\"https:\/\/www.clinicadentalmontornes.com\/wp-content\/uploads\/2018\/12\/ANDREA-Auxiliar-d\u2019ortod\u00f2ncia-i-cirug\u00eda.jpg\" alt=\"\" title=\"\"><\/div><\/div><div class=\"btIconImageRow btIconsHalfHoverPosition\" ><span class=\"btIco btIcoFilledType btIcoMediumSize btIcoAccentColor   \" ><a href=\"#\"  target = \"no_target\" data-ico-cs=\"&#xe9bb;\" class=\"btIcoHolder\"><em><\/em><\/a><\/span><span class=\"btIco btIcoFilledType btIcoMediumSize btIcoAccentColor   \" ><a href=\"#\"  target = \"no_target\" data-ico-cs=\"&#xe9b8;\" class=\"btIcoHolder\"><em><\/em><\/a><\/span><\/div><div class=\"btClear btSeparator topExtraSmallSpaced noBorder\" ><hr><\/div><header class=\"header btClear medium  btNormalDash\" style=\"margin-bottom: 0;\"><div class=\"btSuperTitle\">Auxiliar de ortodoncia y cirug\u00eda<\/div><div class=\"dash\"><h3><span class=\"headline\">Andrea<\/span><\/h3><\/div><\/header><div class=\"btClear btSeparator topExtraSmallSpaced noBorder\" ><hr><\/div><div class=\"btClear btSeparator topSmallSpaced noBorder\" ><hr><\/div><\/div><\/div><div class=\"rowItem col-md-4 col-ms-12 btTextLeft animate animate-fadein btTextIndent inherit btDarkSkin\" style=\"background-color: rgba(255, 255, 255, 1);\" ><div class=\"rowItemContent\" style = \"background-color:#0087aa;\"><div class=\"bpgPhoto btTextCenter btSimpleHoverType\" ><div class=\"btImage\"><img decoding=\"async\" src=\"https:\/\/www.clinicadentalmontornes.com\/wp-content\/uploads\/2021\/04\/CLAUDIA-higienista-i-Auxiliar-de-odontologia-general.jpg\" alt=\"\" title=\"\"><\/div><\/div><div class=\"btIconImageRow btIconsHalfHoverPosition\" ><span class=\"btIco btIcoFilledType btIcoMediumSize btIcoAccentColor   \" ><a href=\"#\"  target = \"no_target\" data-ico-cs=\"&#xe9bc;\" class=\"btIcoHolder\"><em><\/em><\/a><\/span><span class=\"btIco btIcoFilledType btIcoMediumSize btIcoAccentColor   \" ><a href=\"#\"  target = \"no_target\" data-ico-cs=\"&#xe9b8;\" class=\"btIcoHolder\"><em><\/em><\/a><\/span><\/div><div class=\"btClear btSeparator topExtraSmallSpaced noBorder\" ><hr><\/div><header class=\"header btClear medium  btNormalDash\" style=\"margin-bottom: 0;\"><div class=\"btSuperTitle\">Higienista i auxiliar de odontolog\u00eda general<\/div><div class=\"dash\"><h3><span class=\"headline\">Claudia<\/span><\/h3><\/div><\/header><div class=\"btClear btSeparator topExtraSmallSpaced noBorder\" ><hr><\/div><div class=\"btClear btSeparator topSmallSpaced noBorder\" ><hr><\/div><\/div><\/div><\/div><\/div><\/div><\/div><\/div><\/section><section id=\"bt_section69faff20e2d88\"  class=\"boldSection topSpaced bottomSpaced gutter inherit\" ><div class=\"port\"><div class=\"boldCell\"><div class=\"boldCellInner\"><div class=\"boldRow  \" ><div class=\"boldRowInner\"><div class=\"rowItem col-md-4 col-ms-12 btTextLeft animate animate-fadein btTextIndent inherit btDarkSkin\" style=\"background-color: rgba(255, 255, 255, 1);\" ><div class=\"rowItemContent\" style = \"background-color:#006d95;\"><div class=\"bpgPhoto btTextCenter\" ><div class=\"btImage\"><img decoding=\"async\" src=\"https:\/\/www.clinicadentalmontornes.com\/wp-content\/uploads\/2018\/12\/CAROL-atencio-al-pacient.jpg\" alt=\"\" title=\"\"><\/div><\/div><div class=\"btIconImageRow btIconsHalfHoverPosition\" ><span class=\"btIco btIcoFilledType btIcoMediumSize btIcoAccentColor   \" ><a href=\"#\"  target = \"no_target\" data-ico-cs=\"&#xe9bb;\" class=\"btIcoHolder\"><em><\/em><\/a><\/span><span class=\"btIco btIcoFilledType btIcoMediumSize btIcoAccentColor   \" ><a href=\"#\"  target = \"no_target\" data-ico-cs=\"&#xe9b8;\" class=\"btIcoHolder\"><em><\/em><\/a><\/span><\/div><div class=\"btClear btSeparator topExtraSmallSpaced noBorder\" ><hr><\/div><header class=\"header btClear medium  btNormalDash\" style=\"margin-bottom: 0;\"><div class=\"btSuperTitle\">Atenci\u00f3n al paciente<\/div><div class=\"dash\"><h3><span class=\"headline\">Carol<\/span><\/h3><\/div><\/header><div class=\"btClear btSeparator topExtraSmallSpaced noBorder\" ><hr><\/div><div class=\"btClear btSeparator topSmallSpaced noBorder\" ><hr><\/div><\/div><\/div><div class=\"rowItem col-md-4 col-ms-12 btTextLeft animate animate-fadein btTextIndent inherit btDarkSkin\" style=\"background-color: rgba(255, 255, 255, 1);\" ><div class=\"rowItemContent\" style = \"background-color:#0087aa;\"><div class=\"bpgPhoto btTextCenter\" ><div class=\"btImage\"><img decoding=\"async\" src=\"https:\/\/www.clinicadentalmontornes.com\/wp-content\/uploads\/2018\/12\/NEUS-recepci\u00f3-i-administraci\u00f3.jpg\" alt=\"\" title=\"\"><\/div><\/div><div class=\"btIconImageRow btIconsHalfHoverPosition\" ><span class=\"btIco btIcoFilledType btIcoMediumSize btIcoAccentColor   \" ><a href=\"#\"  target = \"no_target\" data-ico-cs=\"&#xe9bc;\" class=\"btIcoHolder\"><em><\/em><\/a><\/span><span class=\"btIco btIcoFilledType btIcoMediumSize btIcoAccentColor   \" ><a href=\"#\"  target = \"no_target\" data-ico-cs=\"&#xe9b8;\" class=\"btIcoHolder\"><em><\/em><\/a><\/span><\/div><div class=\"btClear btSeparator topExtraSmallSpaced noBorder\" ><hr><\/div><header class=\"header btClear medium  btNormalDash\" style=\"margin-bottom: 0;\"><div class=\"btSuperTitle\">Recepci\u00f3n y administraci\u00f3n<\/div><div class=\"dash\"><h3><span class=\"headline\">Neus<\/span><\/h3><\/div><\/header><div class=\"btClear btSeparator topExtraSmallSpaced noBorder\" ><hr><\/div><div class=\"btClear btSeparator topSmallSpaced noBorder\" ><hr><\/div><\/div><\/div><div class=\"rowItem col-md-4 col-ms-12 btTextLeft animate animate-fadein btTextIndent inherit btDarkSkin\" style=\"background-color: rgba(255, 255, 255, 1);\" ><div class=\"rowItemContent\" style = \"background-color:#006d95;\"><\/div><\/div><\/div><\/div><\/div><\/div><\/div><\/section><\/p>\n","protected":false},"excerpt":{"rendered":"","protected":false},"author":1,"featured_media":0,"parent":0,"menu_order":0,"comment_status":"closed","ping_status":"closed","template":"","meta":{"footnotes":""},"class_list":["post-1233","page","type-page","status-publish","hentry"],"_links":{"self":[{"href":"https:\/\/www.clinicadentalmontornes.com\/es\/wp-json\/wp\/v2\/pages\/1233\/"}],"collection":[{"href":"https:\/\/www.clinicadentalmontornes.com\/es\/wp-json\/wp\/v2\/pages\/"}],"about":[{"href":"https:\/\/www.clinicadentalmontornes.com\/es\/wp-json\/wp\/v2\/types\/page\/"}],"author":[{"embeddable":true,"href":"https:\/\/www.clinicadentalmontornes.com\/es\/wp-json\/wp\/v2\/users\/1\/"}],"replies":[{"embeddable":true,"href":"https:\/\/www.clinicadentalmontornes.com\/es\/wp-json\/wp\/v2\/comments\/?post=1233"}],"version-history":[{"count":12,"href":"https:\/\/www.clinicadentalmontornes.com\/es\/wp-json\/wp\/v2\/pages\/1233\/revisions\/"}],"predecessor-version":[{"id":1393,"href":"https:\/\/www.clinicadentalmontornes.com\/es\/wp-json\/wp\/v2\/pages\/1233\/revisions\/1393\/"}],"wp:attachment":[{"href":"https:\/\/www.clinicadentalmontornes.com\/es\/wp-json\/wp\/v2\/media\/?parent=1233"}],"curies":[{"name":"wp","href":"https:\/\/api.w.org\/{rel}","templated":true}]}}